{"id":29,"date":"2025-03-23T21:17:50","date_gmt":"2025-03-23T18:17:50","guid":{"rendered":"https:\/\/fethiyesailing.com\/?page_id=29"},"modified":"2026-04-21T23:31:18","modified_gmt":"2026-04-21T20:31:18","slug":"etkinlik","status":"publish","type":"page","link":"https:\/\/fethiyesailing.com\/en\/etkinlik\/","title":{"rendered":"Event"},"content":{"rendered":"<section class=\"l-section wpb_row height_large color_primary with_img\"><div class=\"l-section-img\" role=\"img\" data-img-width=\"1600\" data-img-height=\"1049\" style=\"background-image: url(https:\/\/fethiyesailing.com\/wp-content\/uploads\/2025\/06\/fethiye-sailing-fleet-2.jpg);\"><\/div><div class=\"l-section-overlay\" style=\"background:rgba(0,0,0,0.52)\"><\/div><div class=\"l-section-h i-cf\"><div class=\"g-cols vc_row via_grid cols_1 laptops-cols_inherit tablets-cols_inherit mobiles-cols_1 valign_top type_default stacking_default\"><div class=\"wpb_column vc_column_container\"><div class=\"vc_column-inner\"><div class=\"wpb_text_column\"><div class=\"wpb_wrapper\"><h2 style=\"text-align: center;\">Activities<\/h2>\n<\/div><\/div><\/div><\/div><\/div><\/div><\/section><section class=\"l-section wpb_row height_medium\"><div class=\"l-section-h i-cf\"><div class=\"g-cols vc_row via_grid cols_1 laptops-cols_inherit tablets-cols_inherit mobiles-cols_1 valign_top type_default stacking_default\"><div class=\"wpb_column vc_column_container\"><div class=\"vc_column-inner\">\n\t<div class=\"wpb_raw_code wpb_raw_html wpb_content_element us_custom_909b2fd0\" >\n\t\t<div class=\"wpb_wrapper\">\n\t\t\t<style>\n.fs-events-soon {\n  max-width: 820px; margin: 40px auto; padding: 48px 32px; text-align: center;\n  border-radius: 20px;\n  background: linear-gradient(135deg, #f0f9ff 0%, #e0f2fe 100%);\n  border: 1px solid #bae6fd;\n}\n.fs-events-soon .fs-ev-icon {\n  width: 80px; height: 80px; margin: 0 auto 18px;\n  border-radius: 24px;\n  background: linear-gradient(135deg, #06b6d4, #0284c7);\n  color: #fff; display: inline-flex; align-items: center; justify-content: center;\n  font-size: 2.2rem; box-shadow: 0 14px 28px rgba(2, 132, 199, 0.25);\n}\n.fs-events-soon h2 {\n  font-size: 2rem; margin: 0 0 14px; letter-spacing: -0.02em; color: #0c4a6e;\n}\n.fs-events-soon p {\n  font-size: 1.08rem; line-height: 1.65; color: #334155;\n  margin: 0 auto 22px; max-width: 560px;\n}\n.fs-events-soon .fs-ev-btns {\n  display: flex; gap: 12px; justify-content: center; flex-wrap: wrap;\n}\n.fs-events-soon .fs-ev-btn {\n  display: inline-flex; align-items: center; gap: 8px;\n  padding: 11px 20px; border-radius: 999px;\n  font-weight: 600; font-size: 0.95rem; text-decoration: none !important;\n  transition: transform .2s, box-shadow .2s;\n}\n.fs-events-soon .fs-ev-btn.primary {\n  background: #0284c7; color: #fff;\n  box-shadow: 0 8px 20px rgba(2, 132, 199, 0.28);\n}\n.fs-events-soon .fs-ev-btn.ghost {\n  background: rgba(255,255,255,0.85); color: #0c4a6e;\n  border: 1px solid #bae6fd;\n}\n.fs-events-soon .fs-ev-btn:hover { transform: translateY(-1px); box-shadow: 0 12px 26px rgba(2, 132, 199, 0.32); }\n@media (max-width: 640px) {\n  .fs-events-soon { padding: 36px 22px; }\n  .fs-events-soon h2 { font-size: 1.55rem; }\n}\n<\/style>\n<div class=\"fs-events-soon\">\n<div class=\"fs-ev-icon\">\u26f5<\/div>\n<h2>New Events Are Being Prepared<\/h2>\n<p>We are carefully preparing the new season program for our Sail 4 Wellness, Custom Blue Cruise, and Fethiye Sailing Fleet events. Contact us to plan your personalized event \u2014 let's determine the most suitable dates and routes together.<\/p>\n<div class=\"fs-ev-btns\">\n<a class=\"fs-ev-btn primary\" href=\"https:\/\/wa.me\/905533517099?text=Merhaba,+etkinlik+hakk\u0131nda+bilgi+almak+istiyorum.\">Ask with WhatsApp<\/a>\n<a class=\"fs-ev-btn ghost\" href=\"https:\/\/fethiyesailing.com\/en\/iletisim\/\">Contact Form<\/a>\n<\/div>\n<\/div>\n\t\t<\/div>\n\t<\/div>\n<\/div><\/div><\/div><\/div><\/section>","protected":false},"excerpt":{"rendered":"ETK\u0130NL\u0130KLER \u26f5 Yeni Etkinliklerimiz Haz\u0131rlan\u0131yor Sail 4 Wellness, Size \u00d6zel Mavi Yolculuk ve Fethiye Sailing Fleet etkinliklerimiz i\u00e7in yeni sezon program\u0131n\u0131 \u00f6zenle haz\u0131rl\u0131yoruz. Ki\u015fiselle\u015ftirilmi\u015f etkinlik planlamak i\u00e7in bizimle ileti\u015fime ge\u00e7in \u2014 size en uygun tarihleri ve rotalar\u0131 birlikte belirleyelim. WhatsApp ile Sor \u0130leti\u015fim Formu","protected":false},"author":1,"featured_media":0,"parent":0,"menu_order":4,"comment_status":"closed","ping_status":"closed","template":"","meta":{"_acf_changed":false,"footnotes":""},"class_list":["post-29","page","type-page","status-publish","hentry"],"acf":[],"yoast_head":"<!-- This site is optimized with the Yoast SEO plugin v26.4 - https:\/\/yoast.com\/wordpress\/plugins\/seo\/ -->\n<title>Etkinlik - Fethiye Sailing<\/title>\n<meta name=\"robots\" content=\"index, follow, max-snippet:-1, max-image-preview:large, max-video-preview:-1\" \/>\n<link rel=\"canonical\" href=\"https:\/\/fethiyesailing.com\/en\/etkinlik\/\" \/>\n<meta property=\"og:locale\" content=\"en_US\" \/>\n<meta property=\"og:type\" content=\"article\" \/>\n<meta property=\"og:title\" content=\"Etkinlik - Fethiye Sailing\" \/>\n<meta property=\"og:url\" content=\"https:\/\/fethiyesailing.com\/en\/etkinlik\/\" \/>\n<meta property=\"og:site_name\" content=\"Fethiye Sailing\" \/>\n<meta property=\"article:modified_time\" content=\"2026-04-21T20:31:18+00:00\" \/>\n<meta name=\"twitter:card\" content=\"summary_large_image\" \/>\n<meta name=\"twitter:label1\" content=\"Est. reading time\" \/>\n\t<meta name=\"twitter:data1\" content=\"1 minute\" \/>\n<script type=\"application\/ld+json\" class=\"yoast-schema-graph\">{\"@context\":\"https:\/\/schema.org\",\"@graph\":[{\"@type\":\"WebPage\",\"@id\":\"https:\/\/fethiyesailing.com\/etkinlik\/\",\"url\":\"https:\/\/fethiyesailing.com\/etkinlik\/\",\"name\":\"Etkinlik - Fethiye Sailing\",\"isPartOf\":{\"@id\":\"https:\/\/fethiyesailing.com\/#website\"},\"datePublished\":\"2025-03-23T18:17:50+00:00\",\"dateModified\":\"2026-04-21T20:31:18+00:00\",\"breadcrumb\":{\"@id\":\"https:\/\/fethiyesailing.com\/etkinlik\/#breadcrumb\"},\"inLanguage\":\"en-US\",\"potentialAction\":[{\"@type\":\"ReadAction\",\"target\":[\"https:\/\/fethiyesailing.com\/etkinlik\/\"]}]},{\"@type\":\"BreadcrumbList\",\"@id\":\"https:\/\/fethiyesailing.com\/etkinlik\/#breadcrumb\",\"itemListElement\":[{\"@type\":\"ListItem\",\"position\":1,\"name\":\"Anasayfa\",\"item\":\"https:\/\/fethiyesailing.com\/\"},{\"@type\":\"ListItem\",\"position\":2,\"name\":\"Etkinlik\"}]},{\"@type\":\"WebSite\",\"@id\":\"https:\/\/fethiyesailing.com\/#website\",\"url\":\"https:\/\/fethiyesailing.com\/\",\"name\":\"Fethiye Sailing\",\"description\":\"Yelkenli Tekne ve Katamaran Kiralama, Yelkenli Yat\u00e7\u0131l\u0131k E\u011fitimleri\",\"publisher\":{\"@id\":\"https:\/\/fethiyesailing.com\/#organization\"},\"potentialAction\":[{\"@type\":\"SearchAction\",\"target\":{\"@type\":\"EntryPoint\",\"urlTemplate\":\"https:\/\/fethiyesailing.com\/?s={search_term_string}\"},\"query-input\":{\"@type\":\"PropertyValueSpecification\",\"valueRequired\":true,\"valueName\":\"search_term_string\"}}],\"inLanguage\":\"en-US\"},{\"@type\":\"Organization\",\"@id\":\"https:\/\/fethiyesailing.com\/#organization\",\"name\":\"Fethiye Sailing\",\"url\":\"https:\/\/fethiyesailing.com\/\",\"logo\":{\"@type\":\"ImageObject\",\"inLanguage\":\"en-US\",\"@id\":\"https:\/\/fethiyesailing.com\/#\/schema\/logo\/image\/\",\"url\":\"https:\/\/fethiyesailing.com\/wp-content\/uploads\/2025\/03\/FethiyeSailingLogo.svg\",\"contentUrl\":\"https:\/\/fethiyesailing.com\/wp-content\/uploads\/2025\/03\/FethiyeSailingLogo.svg\",\"width\":\"1024\",\"height\":\"1024\",\"caption\":\"Fethiye Sailing\"},\"image\":{\"@id\":\"https:\/\/fethiyesailing.com\/#\/schema\/logo\/image\/\"},\"sameAs\":[\"https:\/\/www.instagram.com\/fethiyesailing\/\"]}]}<\/script>\n<!-- \/ Yoast SEO plugin. -->","yoast_head_json":{"title":"Etkinlik - Fethiye Sailing","robots":{"index":"index","follow":"follow","max-snippet":"max-snippet:-1","max-image-preview":"max-image-preview:large","max-video-preview":"max-video-preview:-1"},"canonical":"https:\/\/fethiyesailing.com\/en\/etkinlik\/","og_locale":"en_US","og_type":"article","og_title":"Etkinlik - Fethiye Sailing","og_url":"https:\/\/fethiyesailing.com\/en\/etkinlik\/","og_site_name":"Fethiye Sailing","article_modified_time":"2026-04-21T20:31:18+00:00","twitter_card":"summary_large_image","twitter_misc":{"Est. reading time":"1 minute"},"schema":{"@context":"https:\/\/schema.org","@graph":[{"@type":"WebPage","@id":"https:\/\/fethiyesailing.com\/etkinlik\/","url":"https:\/\/fethiyesailing.com\/etkinlik\/","name":"Etkinlik - Fethiye Sailing","isPartOf":{"@id":"https:\/\/fethiyesailing.com\/#website"},"datePublished":"2025-03-23T18:17:50+00:00","dateModified":"2026-04-21T20:31:18+00:00","breadcrumb":{"@id":"https:\/\/fethiyesailing.com\/etkinlik\/#breadcrumb"},"inLanguage":"en-US","potentialAction":[{"@type":"ReadAction","target":["https:\/\/fethiyesailing.com\/etkinlik\/"]}]},{"@type":"BreadcrumbList","@id":"https:\/\/fethiyesailing.com\/etkinlik\/#breadcrumb","itemListElement":[{"@type":"ListItem","position":1,"name":"Anasayfa","item":"https:\/\/fethiyesailing.com\/"},{"@type":"ListItem","position":2,"name":"Etkinlik"}]},{"@type":"WebSite","@id":"https:\/\/fethiyesailing.com\/#website","url":"https:\/\/fethiyesailing.com\/","name":"Fethiye Sailing","description":"Yelkenli Tekne ve Katamaran Kiralama, Yelkenli Yat\u00e7\u0131l\u0131k E\u011fitimleri","publisher":{"@id":"https:\/\/fethiyesailing.com\/#organization"},"potentialAction":[{"@type":"SearchAction","target":{"@type":"EntryPoint","urlTemplate":"https:\/\/fethiyesailing.com\/?s={search_term_string}"},"query-input":{"@type":"PropertyValueSpecification","valueRequired":true,"valueName":"search_term_string"}}],"inLanguage":"en-US"},{"@type":"Organization","@id":"https:\/\/fethiyesailing.com\/#organization","name":"Fethiye Sailing","url":"https:\/\/fethiyesailing.com\/","logo":{"@type":"ImageObject","inLanguage":"en-US","@id":"https:\/\/fethiyesailing.com\/#\/schema\/logo\/image\/","url":"https:\/\/fethiyesailing.com\/wp-content\/uploads\/2025\/03\/FethiyeSailingLogo.svg","contentUrl":"https:\/\/fethiyesailing.com\/wp-content\/uploads\/2025\/03\/FethiyeSailingLogo.svg","width":"1024","height":"1024","caption":"Fethiye Sailing"},"image":{"@id":"https:\/\/fethiyesailing.com\/#\/schema\/logo\/image\/"},"sameAs":["https:\/\/www.instagram.com\/fethiyesailing\/"]}]}},"_links":{"self":[{"href":"https:\/\/fethiyesailing.com\/en\/wp-json\/wp\/v2\/pages\/29","targetHints":{"allow":["GET"]}}],"collection":[{"href":"https:\/\/fethiyesailing.com\/en\/wp-json\/wp\/v2\/pages"}],"about":[{"href":"https:\/\/fethiyesailing.com\/en\/wp-json\/wp\/v2\/types\/page"}],"author":[{"embeddable":true,"href":"https:\/\/fethiyesailing.com\/en\/wp-json\/wp\/v2\/users\/1"}],"replies":[{"embeddable":true,"href":"https:\/\/fethiyesailing.com\/en\/wp-json\/wp\/v2\/comments?post=29"}],"version-history":[{"count":16,"href":"https:\/\/fethiyesailing.com\/en\/wp-json\/wp\/v2\/pages\/29\/revisions"}],"predecessor-version":[{"id":12998,"href":"https:\/\/fethiyesailing.com\/en\/wp-json\/wp\/v2\/pages\/29\/revisions\/12998"}],"wp:attachment":[{"href":"https:\/\/fethiyesailing.com\/en\/wp-json\/wp\/v2\/media?parent=29"}],"curies":[{"name":"wp","href":"https:\/\/api.w.org\/{rel}","templated":true}]}}