{"id":33,"date":"2025-03-23T21:18:55","date_gmt":"2025-03-23T18:18:55","guid":{"rendered":"https:\/\/fethiyesailing.com\/?page_id=33"},"modified":"2026-04-21T23:34:34","modified_gmt":"2026-04-21T20:34:34","slug":"hakkimizda","status":"publish","type":"page","link":"https:\/\/fethiyesailing.com\/en\/hakkimizda\/","title":{"rendered":"About Us"},"content":{"rendered":"<section class=\"l-section wpb_row height_large color_primary with_img\"><div class=\"l-section-img\" role=\"img\" data-img-width=\"783\" data-img-height=\"750\" style=\"background-image: url(https:\/\/fethiyesailing.com\/wp-content\/uploads\/2025\/11\/Ekran-goruntusu-2025-11-15-163624-e1763214386739.jpg);\"><\/div><div class=\"l-section-overlay\" style=\"background:rgba(0,0,0,0.52)\"><\/div><div class=\"l-section-h i-cf\"><div class=\"g-cols vc_row via_grid cols_1 laptops-cols_inherit tablets-cols_inherit mobiles-cols_1 valign_top type_default stacking_default\"><div class=\"wpb_column vc_column_container\"><div class=\"vc_column-inner\"><div class=\"wpb_text_column\"><div class=\"wpb_wrapper\"><h2 style=\"text-align: center;\">ABOUT US<\/h2>\n<\/div><\/div><\/div><\/div><\/div><\/div><\/section><section class=\"l-section wpb_row height_medium\"><div class=\"l-section-h i-cf\"><div class=\"g-cols vc_row via_grid cols_1 laptops-cols_inherit tablets-cols_1 mobiles-cols_1 valign_middle type_default reversed stacking_default\" style=\"--columns-gap:4rem;\"><div class=\"wpb_column vc_column_container\"><div class=\"vc_column-inner\"><h2 class=\"w-text us_custom_eb849559\"><span class=\"w-text-h\"><span class=\"w-text-value\">The Story of Fethiye Sailing<\/span><\/span><\/h2><div class=\"g-cols wpb_row via_grid cols_2 laptops-cols_inherit tablets-cols_inherit mobiles-cols_1 valign_middle type_default stacking_default\" style=\"--columns-gap:1.2rem;\"><div class=\"wpb_column vc_column_container\"><div class=\"vc_column-inner\"><div class=\"w-slider us_custom_dad4fece style_none fit_cover nav_none has_border_radius has_ratio count_1\" style=\"--aspect-ratio: 1\/1;\"><div class=\"w-slider-h\"><div class=\"royalSlider\"><div class=\"rsContent\"><a class=\"rsImg\" data-rsw=\"764\" data-rsh=\"850\" href=\"https:\/\/fethiyesailing.com\/wp-content\/uploads\/2025\/11\/Ekran-goruntusu-2025-11-15-163207-e1763217111894.jpg\"><span data-alt=\"\"><\/span><\/a><\/div><\/div><img decoding=\"async\" src=\"https:\/\/fethiyesailing.com\/wp-content\/uploads\/2025\/11\/Ekran-goruntusu-2025-11-15-163207-e1763217111894.jpg\" width=\"764\" height=\"850\" alt loading=\"lazy\"><\/div><div class=\"w-slider-json\" onclick='return {&quot;autoScaleSlider&quot;:false,&quot;addActiveClass&quot;:true,&quot;loop&quot;:true,&quot;fadeInLoadedSlide&quot;:false,&quot;slidesSpacing&quot;:0,&quot;imageScalePadding&quot;:0,&quot;numImagesToPreload&quot;:2,&quot;arrowsNav&quot;:true,&quot;arrowsNavAutoHide&quot;:true,&quot;transitionType&quot;:&quot;fade&quot;,&quot;transitionSpeed&quot;:400,&quot;block&quot;:{&quot;moveEffect&quot;:&quot;none&quot;,&quot;speed&quot;:300},&quot;thumbs&quot;:{&quot;fitInViewport&quot;:false,&quot;firstMargin&quot;:false,&quot;spacing&quot;:4},&quot;controlNavigation&quot;:&quot;none&quot;,&quot;autoplay&quot;:{&quot;enabled&quot;:true,&quot;pauseOnHover&quot;:true,&quot;delay&quot;:2000}}'><\/div><\/div><\/div><\/div><div class=\"wpb_column vc_column_container\"><div class=\"vc_column-inner\"><div class=\"wpb_text_column\"><div class=\"wpb_wrapper\"><p>Fethiye Sailing was born out of a desire for a more genuine life, away from crowds and closer to nature. Our team is comprised of individuals who studied in different cities and fields, then left behind their corporate lives to answer the call of the sea. With this bold decision, we set our course for Fethiye and settled on Knight Island to build the life we dreamed of.<\/p>\n<p>In April 2025, we turned our three-story home on Knight Island into both our living space and our office. Our lives are shaped by morning meetings over coffee in the garden, planning sessions throughout the day accompanied by the sound of the sea, and refreshing swims on the beach behind our house that conclude with the sunset. Our boats are moored right in front of us. Instead of having our guests wait in the crowded marina, we invite them to spend enjoyable time here before their tours, either swimming in the sea or sunbathing in our garden.<\/p>\n<p>Our events begin and conclude in this peaceful environment. Check-in and check-out procedures are handled at our home. Upstairs, we have a spacious apartment where our guests can stay. We've set up a small sports area in the garden and a simple yet fulfilling arrangement inside. With a small number of boats, we choose to live a life of more with less, in a boutique style, intertwined with nature.<\/p>\n<\/div><\/div><\/div><\/div><\/div><\/div><\/div><\/div><\/div><\/section><section class=\"l-section wpb_row height_medium\"><div class=\"l-section-overlay\" style=\"background:var(--color-content-bg-alt)\"><\/div><div class=\"l-section-h i-cf\"><div class=\"g-cols vc_row via_grid cols_1 laptops-cols_inherit tablets-cols_inherit mobiles-cols_1 valign_top type_default stacking_default\"><div class=\"wpb_column vc_column_container\"><div class=\"vc_column-inner\"><h2 class=\"w-text us_custom_eb849559\"><span class=\"w-text-h\"><span class=\"w-text-value\">Knight Island<\/span><\/span><\/h2><div class=\"w-separator size_medium\"><\/div><div class=\"g-cols wpb_row via_grid cols_2 laptops-cols_inherit tablets-cols_inherit mobiles-cols_1 valign_middle type_default reversed stacking_default\" style=\"--columns-gap:1.2rem;\"><div class=\"wpb_column vc_column_container\"><div class=\"vc_column-inner\"><div class=\"wpb_text_column\"><div class=\"wpb_wrapper\"><p>Knight Island, accessible only by sea in the Gulf of Fethiye, is one of the Mediterranean's hidden gems. In ancient times <em>Telandros<\/em> The island, known as, hosted many civilizations from the Lycians to the Byzantines and the Knights of Rhodes. It gets its current name from the Knights of Rhodes, who used it as a base in the Middle Ages. Some stone ruins that are still visible bear traces of the past.<\/p>\n<p>Knight Island is a rare example of living in harmony with nature today. We work and live here, preserving this heritage through a sustainable and simple lifestyle. Our entire team lives here; we produce together and rest together. We have found our own balance in this environment where we are integrated with nature.<\/p>\n<p>You can experience this atmosphere with a short walk on the island. The blue route, which lasts about 45 minutes, allows you to discover the historical traces and unique landscapes of the island. This walk, especially at sunset, turns into an unforgettable memory.<\/p>\n<\/div><\/div><\/div><\/div><div class=\"wpb_column vc_column_container\"><div class=\"vc_column-inner\"><div class=\"w-slider us_custom_dad4fece style_none fit_cover nav_none has_border_radius has_ratio count_1\" style=\"--aspect-ratio: 4\/3;\"><div class=\"w-slider-h\"><div class=\"royalSlider\"><div class=\"rsContent\"><a class=\"rsImg\" data-rsw=\"790\" data-rsh=\"996\" href=\"https:\/\/fethiyesailing.com\/wp-content\/uploads\/2025\/11\/Ekran-goruntusu-2025-11-15-151803.jpg\"><span data-alt=\"\"><\/span><\/a><\/div><\/div><img decoding=\"async\" src=\"https:\/\/fethiyesailing.com\/wp-content\/uploads\/2025\/11\/Ekran-goruntusu-2025-11-15-151803.jpg\" width=\"790\" height=\"996\" alt loading=\"lazy\"><\/div><div class=\"w-slider-json\" onclick='return {&quot;autoScaleSlider&quot;:false,&quot;addActiveClass&quot;:true,&quot;loop&quot;:true,&quot;fadeInLoadedSlide&quot;:false,&quot;slidesSpacing&quot;:0,&quot;imageScalePadding&quot;:0,&quot;numImagesToPreload&quot;:2,&quot;arrowsNav&quot;:true,&quot;arrowsNavAutoHide&quot;:true,&quot;transitionType&quot;:&quot;fade&quot;,&quot;transitionSpeed&quot;:400,&quot;block&quot;:{&quot;moveEffect&quot;:&quot;none&quot;,&quot;speed&quot;:300},&quot;thumbs&quot;:{&quot;fitInViewport&quot;:false,&quot;firstMargin&quot;:false,&quot;spacing&quot;:4},&quot;controlNavigation&quot;:&quot;none&quot;,&quot;autoplay&quot;:{&quot;enabled&quot;:true,&quot;pauseOnHover&quot;:true,&quot;delay&quot;:2000}}'><\/div><\/div><\/div><\/div><\/div><\/div><\/div><\/div><\/div><\/section><section class=\"l-section wpb_row height_medium\"><div class=\"l-section-h i-cf\"><div class=\"g-cols vc_row via_grid cols_1 laptops-cols_inherit tablets-cols_inherit mobiles-cols_1 valign_top type_default stacking_default\"><div class=\"wpb_column vc_column_container\"><div class=\"vc_column-inner\"><h2 class=\"w-text us_custom_d579ef86\"><span class=\"w-text-h\"><span class=\"w-text-value\">Our team<\/span><\/span><\/h2><h4 class=\"w-text us_custom_eb849559\"><span class=\"w-text-h\"><span class=\"w-text-value\">Those Who Find Their Way at Sea<\/span><\/span><\/h4><div class=\"g-cols wpb_row via_grid cols_1 laptops-cols_inherit tablets-cols_inherit mobiles-cols_1 valign_top type_default stacking_default\" style=\"--columns-gap:3rem;\"><div class=\"wpb_column vc_column_container\"><div class=\"vc_column-inner\"><div class=\"wpb_text_column\"><div class=\"wpb_wrapper\"><p style=\"text-align: center;\">What makes Fethiye Sailing special isn't just our boats or our routes; it's that we are a team that works together, lives together, and shares the same dream. We all had different lives. We studied in different cities, worked in different jobs. But eventually, our paths crossed at sea. Now, on Knight Island, we are building a simple life intertwined with nature, together.<\/p>\n<p style=\"text-align: center;\">Here is the team that has given its heart to the sea:<\/p>\n<\/div><\/div><\/div><\/div><\/div><div class=\"w-separator size_medium\"><\/div><div class=\"g-cols wpb_row via_grid cols_3 laptops-cols_inherit tablets-cols_inherit mobiles-cols_1 valign_top type_default stacking_default\" style=\"--columns-gap:0.8rem;\"><div class=\"wpb_column vc_column_container\"><div class=\"vc_column-inner\"><div class=\"w-image us_custom_3090c82c has_ratio align_none\"><div class=\"w-image-h\"><div style=\"padding-bottom:56.25%\"><\/div><img decoding=\"async\" width=\"689\" height=\"456\" src=\"https:\/\/fethiyesailing.com\/wp-content\/uploads\/2025\/06\/mertdemircan-e1749652039464.jpg\" class=\"attachment-large size-large\" alt=\"\" loading=\"lazy\" \/><\/div><\/div><h5 class=\"w-text us_custom_2774bef1\"><span class=\"w-text-h\"><span class=\"w-text-value\">Mert Demircan<\/span><\/span><\/h5><h6 class=\"w-text us_custom_0fd32aca has_text_color\"><span class=\"w-text-h\"><span class=\"w-text-value\">Founder<\/span><\/span><\/h6><div class=\"wpb_text_column\"><div class=\"wpb_wrapper\"><p>He laid the foundations of Fethiye Sailing by transforming his passion for sailing into a way of life. After working in other sectors for many years, he turned his course completely towards the sea. Today, he lives with the peace of mind of having built the life he dreamed of step by step.<\/p>\n<\/div><\/div><\/div><\/div><div class=\"wpb_column vc_column_container\"><div class=\"vc_column-inner\"><div class=\"w-image us_custom_3090c82c has_ratio align_none\"><div class=\"w-image-h\"><div style=\"padding-bottom:56.25%\"><\/div><img decoding=\"async\" width=\"1024\" height=\"574\" src=\"https:\/\/fethiyesailing.com\/wp-content\/uploads\/2025\/06\/Screenshot-2025-01-23-at-11.04.38-1024x574.jpg\" class=\"attachment-large size-large\" alt=\"\" loading=\"lazy\" \/><\/div><\/div><h5 class=\"w-text us_custom_2774bef1\"><span class=\"w-text-h\"><span class=\"w-text-value\">Irem Ocak<\/span><\/span><\/h5><h6 class=\"w-text us_custom_fa948f19 has_text_color\"><span class=\"w-text-h\"><span class=\"w-text-value\">Event Manager &amp; Captain \/ Founder of Sail 4 Wellness<\/span><\/span><\/h6><div class=\"wpb_text_column\"><div class=\"wpb_wrapper\"><p>She created Sail 4 Wellness by combining her scientific background (Molecular Biology and Genetics) with maritime experience, yoga, and nutrition coaching. She is also one of the captains at Fethiye Sailing. She is the person who manages the spirit and flow of the events, considering every detail. She is the one who first connects with guests and understands them best.<\/p>\n<\/div><\/div><\/div><\/div><div class=\"wpb_column vc_column_container\"><div class=\"vc_column-inner\"><div class=\"w-image us_custom_3090c82c has_ratio align_none\"><div class=\"w-image-h\"><div style=\"padding-bottom:56.25%\"><\/div><img decoding=\"async\" width=\"1024\" height=\"574\" src=\"https:\/\/fethiyesailing.com\/wp-content\/uploads\/2025\/06\/Screenshot-2025-01-23-at-11.04.38-1024x574.jpg\" class=\"attachment-large size-large\" alt=\"\" loading=\"lazy\" \/><\/div><\/div><h5 class=\"w-text us_custom_2774bef1\"><span class=\"w-text-h\"><span class=\"w-text-value\">An\u0131l Tuncay<\/span><\/span><\/h5><h6 class=\"w-text us_custom_fa948f19 has_text_color\"><span class=\"w-text-h\"><span class=\"w-text-value\">Technical Director<\/span><\/span><\/h6><div class=\"wpb_text_column\"><div class=\"wpb_wrapper\"><p>Responsible for all technical processes, maintenance, and repairs of ships. The unsung hero who ensures everything runs smoothly behind the scenes. Loves to work as systematically as the sea.<\/p>\n<\/div><\/div><\/div><\/div><\/div><div class=\"w-separator size_medium\"><\/div><div class=\"g-cols wpb_row via_grid cols_3 laptops-cols_inherit tablets-cols_inherit mobiles-cols_1 valign_top type_default stacking_default\" style=\"--columns-gap:0.8rem;\"><div class=\"wpb_column vc_column_container\"><div class=\"vc_column-inner\"><div class=\"w-image us_custom_3090c82c has_ratio align_none\"><div class=\"w-image-h\"><div style=\"padding-bottom:56.25%\"><\/div><img decoding=\"async\" width=\"1024\" height=\"574\" src=\"https:\/\/fethiyesailing.com\/wp-content\/uploads\/2025\/06\/Screenshot-2025-01-23-at-11.04.38-1024x574.jpg\" class=\"attachment-large size-large\" alt=\"\" loading=\"lazy\" \/><\/div><\/div><h5 class=\"w-text us_custom_2774bef1\"><span class=\"w-text-h\"><span class=\"w-text-value\">G\u00f6khan Kama<\/span><\/span><\/h5><h6 class=\"w-text us_custom_fa948f19 has_text_color\"><span class=\"w-text-h\"><span class=\"w-text-value\">Operations &amp; Seafarer<\/span><\/span><\/h6><div class=\"wpb_text_column\"><div class=\"wpb_wrapper\"><p>From boat preparations to dock operations, from meeting needs to maintaining daily order, they are present in every area. They are known within the team for their practical intelligence and solution-oriented approach. An unseen but felt balancing element.<\/p>\n<\/div><\/div><\/div><\/div><div class=\"wpb_column vc_column_container\"><div class=\"vc_column-inner\"><div class=\"w-image us_custom_3090c82c has_ratio align_none\"><div class=\"w-image-h\"><div style=\"padding-bottom:56.25%\"><\/div><img decoding=\"async\" width=\"1024\" height=\"574\" src=\"https:\/\/fethiyesailing.com\/wp-content\/uploads\/2025\/06\/Screenshot-2025-01-23-at-11.04.38-1024x574.jpg\" class=\"attachment-large size-large\" alt=\"\" loading=\"lazy\" \/><\/div><\/div><h5 class=\"w-text us_custom_2774bef1\"><span class=\"w-text-h\"><span class=\"w-text-value\">G\u00fcnt\u00fcl\u00fc Yal\u00e7\u0131n<\/span><\/span><\/h5><h6 class=\"w-text us_custom_fa948f19 has_text_color\"><span class=\"w-text-h\"><span class=\"w-text-value\">Sales Manager<\/span><\/span><\/h6><div class=\"wpb_text_column\"><div class=\"wpb_wrapper\"><p>The person who makes the first contact with guests. They respond sincerely to all questions and attend to every detail individually. While managing reservation processes, they also focus on optimizing the guest experience.<\/p>\n<\/div><\/div><\/div><\/div><div class=\"wpb_column vc_column_container\"><div class=\"vc_column-inner\"><div class=\"w-image us_custom_3090c82c has_ratio align_none\"><div class=\"w-image-h\"><div style=\"padding-bottom:56.25%\"><\/div><img decoding=\"async\" width=\"1024\" height=\"574\" src=\"https:\/\/fethiyesailing.com\/wp-content\/uploads\/2025\/06\/Screenshot-2025-01-23-at-11.04.38-1024x574.jpg\" class=\"attachment-large size-large\" alt=\"\" loading=\"lazy\" \/><\/div><\/div><h5 class=\"w-text us_custom_2774bef1\"><span class=\"w-text-h\"><span class=\"w-text-value\">Gonca Uluta\u015f<\/span><\/span><\/h5><h6 class=\"w-text us_custom_fa948f19 has_text_color\"><span class=\"w-text-h\"><span class=\"w-text-value\">Administrative Affairs and Accounting Officer<\/span><\/span><\/h6><div class=\"wpb_text_column\"><div class=\"wpb_wrapper\"><p>Strong with numbers, a founder of order and system. All background operations, budgets, and planning are under their control. They are the person who creates a sense of solidity and trust within the team.<\/p>\n<\/div><\/div><\/div><\/div><\/div><\/div><\/div><\/div><\/div><\/section>","protected":false},"excerpt":{"rendered":"HAKKIMIZDA Fethiye Sailing\u2019in HikayesiFethiye Sailing, kalabal\u0131ktan uzak, do\u011faya yak\u0131n, daha ger\u00e7ek bir ya\u015fam aray\u0131\u015f\u0131n\u0131n sonucunda do\u011fdu. Ekibimiz, farkl\u0131 \u015fehirlerde, farkl\u0131 alanlarda e\u011fitim alm\u0131\u015f; ard\u0131ndan kurumsal hayat\u0131 geride b\u0131rak\u0131p denizin \u00e7a\u011fr\u0131s\u0131na kulak vermi\u015f ki\u015filerden olu\u015fuyor. Bu cesur kararla rotam\u0131z\u0131 Fethiye\u2019ye \u00e7evirdik ve hayalini kurdu\u011fumuz hayat\u0131 kurmak i\u00e7in \u015e\u00f6valye Adas\u0131\u2019na yerle\u015ftik. 2025 Nisan ay\u0131nda, \u015e\u00f6valye Adas\u0131\u2019ndaki \u00fc\u00e7...","protected":false},"author":1,"featured_media":0,"parent":0,"menu_order":2,"comment_status":"closed","ping_status":"closed","template":"","meta":{"_acf_changed":false,"footnotes":""},"class_list":["post-33","page","type-page","status-publish","hentry"],"acf":[],"yoast_head":"<!-- This site is optimized with the Yoast SEO plugin v26.4 - https:\/\/yoast.com\/wordpress\/plugins\/seo\/ -->\n<title>Hakk\u0131m\u0131zda - Fethiye Sailing<\/title>\n<meta name=\"robots\" content=\"index, follow, max-snippet:-1, max-image-preview:large, max-video-preview:-1\" \/>\n<link rel=\"canonical\" href=\"https:\/\/fethiyesailing.com\/en\/hakkimizda\/\" \/>\n<meta property=\"og:locale\" content=\"en_US\" \/>\n<meta property=\"og:type\" content=\"article\" \/>\n<meta property=\"og:title\" content=\"Hakk\u0131m\u0131zda - Fethiye Sailing\" \/>\n<meta property=\"og:url\" content=\"https:\/\/fethiyesailing.com\/en\/hakkimizda\/\" \/>\n<meta property=\"og:site_name\" content=\"Fethiye Sailing\" \/>\n<meta property=\"article:modified_time\" content=\"2026-04-21T20:34:34+00:00\" \/>\n<meta name=\"twitter:card\" content=\"summary_large_image\" \/>\n<meta name=\"twitter:label1\" content=\"Est. reading time\" \/>\n\t<meta name=\"twitter:data1\" content=\"5 minutes\" \/>\n<script type=\"application\/ld+json\" class=\"yoast-schema-graph\">{\"@context\":\"https:\/\/schema.org\",\"@graph\":[{\"@type\":\"WebPage\",\"@id\":\"https:\/\/fethiyesailing.com\/hakkimizda\/\",\"url\":\"https:\/\/fethiyesailing.com\/hakkimizda\/\",\"name\":\"Hakk\u0131m\u0131zda - Fethiye Sailing\",\"isPartOf\":{\"@id\":\"https:\/\/fethiyesailing.com\/#website\"},\"datePublished\":\"2025-03-23T18:18:55+00:00\",\"dateModified\":\"2026-04-21T20:34:34+00:00\",\"breadcrumb\":{\"@id\":\"https:\/\/fethiyesailing.com\/hakkimizda\/#breadcrumb\"},\"inLanguage\":\"en-US\",\"potentialAction\":[{\"@type\":\"ReadAction\",\"target\":[\"https:\/\/fethiyesailing.com\/hakkimizda\/\"]}]},{\"@type\":\"BreadcrumbList\",\"@id\":\"https:\/\/fethiyesailing.com\/hakkimizda\/#breadcrumb\",\"itemListElement\":[{\"@type\":\"ListItem\",\"position\":1,\"name\":\"Anasayfa\",\"item\":\"https:\/\/fethiyesailing.com\/\"},{\"@type\":\"ListItem\",\"position\":2,\"name\":\"Hakk\u0131m\u0131zda\"}]},{\"@type\":\"WebSite\",\"@id\":\"https:\/\/fethiyesailing.com\/#website\",\"url\":\"https:\/\/fethiyesailing.com\/\",\"name\":\"Fethiye Sailing\",\"description\":\"Yelkenli Tekne ve Katamaran Kiralama, Yelkenli Yat\u00e7\u0131l\u0131k E\u011fitimleri\",\"publisher\":{\"@id\":\"https:\/\/fethiyesailing.com\/#organization\"},\"potentialAction\":[{\"@type\":\"SearchAction\",\"target\":{\"@type\":\"EntryPoint\",\"urlTemplate\":\"https:\/\/fethiyesailing.com\/?s={search_term_string}\"},\"query-input\":{\"@type\":\"PropertyValueSpecification\",\"valueRequired\":true,\"valueName\":\"search_term_string\"}}],\"inLanguage\":\"en-US\"},{\"@type\":\"Organization\",\"@id\":\"https:\/\/fethiyesailing.com\/#organization\",\"name\":\"Fethiye Sailing\",\"url\":\"https:\/\/fethiyesailing.com\/\",\"logo\":{\"@type\":\"ImageObject\",\"inLanguage\":\"en-US\",\"@id\":\"https:\/\/fethiyesailing.com\/#\/schema\/logo\/image\/\",\"url\":\"https:\/\/fethiyesailing.com\/wp-content\/uploads\/2025\/03\/FethiyeSailingLogo.svg\",\"contentUrl\":\"https:\/\/fethiyesailing.com\/wp-content\/uploads\/2025\/03\/FethiyeSailingLogo.svg\",\"width\":\"1024\",\"height\":\"1024\",\"caption\":\"Fethiye Sailing\"},\"image\":{\"@id\":\"https:\/\/fethiyesailing.com\/#\/schema\/logo\/image\/\"},\"sameAs\":[\"https:\/\/www.instagram.com\/fethiyesailing\/\"]}]}<\/script>\n<!-- \/ Yoast SEO plugin. -->","yoast_head_json":{"title":"Hakk\u0131m\u0131zda - Fethiye Sailing","robots":{"index":"index","follow":"follow","max-snippet":"max-snippet:-1","max-image-preview":"max-image-preview:large","max-video-preview":"max-video-preview:-1"},"canonical":"https:\/\/fethiyesailing.com\/en\/hakkimizda\/","og_locale":"en_US","og_type":"article","og_title":"Hakk\u0131m\u0131zda - Fethiye Sailing","og_url":"https:\/\/fethiyesailing.com\/en\/hakkimizda\/","og_site_name":"Fethiye Sailing","article_modified_time":"2026-04-21T20:34:34+00:00","twitter_card":"summary_large_image","twitter_misc":{"Est. reading time":"5 minutes"},"schema":{"@context":"https:\/\/schema.org","@graph":[{"@type":"WebPage","@id":"https:\/\/fethiyesailing.com\/hakkimizda\/","url":"https:\/\/fethiyesailing.com\/hakkimizda\/","name":"Hakk\u0131m\u0131zda - Fethiye Sailing","isPartOf":{"@id":"https:\/\/fethiyesailing.com\/#website"},"datePublished":"2025-03-23T18:18:55+00:00","dateModified":"2026-04-21T20:34:34+00:00","breadcrumb":{"@id":"https:\/\/fethiyesailing.com\/hakkimizda\/#breadcrumb"},"inLanguage":"en-US","potentialAction":[{"@type":"ReadAction","target":["https:\/\/fethiyesailing.com\/hakkimizda\/"]}]},{"@type":"BreadcrumbList","@id":"https:\/\/fethiyesailing.com\/hakkimizda\/#breadcrumb","itemListElement":[{"@type":"ListItem","position":1,"name":"Anasayfa","item":"https:\/\/fethiyesailing.com\/"},{"@type":"ListItem","position":2,"name":"Hakk\u0131m\u0131zda"}]},{"@type":"WebSite","@id":"https:\/\/fethiyesailing.com\/#website","url":"https:\/\/fethiyesailing.com\/","name":"Fethiye Sailing","description":"Yelkenli Tekne ve Katamaran Kiralama, Yelkenli Yat\u00e7\u0131l\u0131k E\u011fitimleri","publisher":{"@id":"https:\/\/fethiyesailing.com\/#organization"},"potentialAction":[{"@type":"SearchAction","target":{"@type":"EntryPoint","urlTemplate":"https:\/\/fethiyesailing.com\/?s={search_term_string}"},"query-input":{"@type":"PropertyValueSpecification","valueRequired":true,"valueName":"search_term_string"}}],"inLanguage":"en-US"},{"@type":"Organization","@id":"https:\/\/fethiyesailing.com\/#organization","name":"Fethiye Sailing","url":"https:\/\/fethiyesailing.com\/","logo":{"@type":"ImageObject","inLanguage":"en-US","@id":"https:\/\/fethiyesailing.com\/#\/schema\/logo\/image\/","url":"https:\/\/fethiyesailing.com\/wp-content\/uploads\/2025\/03\/FethiyeSailingLogo.svg","contentUrl":"https:\/\/fethiyesailing.com\/wp-content\/uploads\/2025\/03\/FethiyeSailingLogo.svg","width":"1024","height":"1024","caption":"Fethiye Sailing"},"image":{"@id":"https:\/\/fethiyesailing.com\/#\/schema\/logo\/image\/"},"sameAs":["https:\/\/www.instagram.com\/fethiyesailing\/"]}]}},"_links":{"self":[{"href":"https:\/\/fethiyesailing.com\/en\/wp-json\/wp\/v2\/pages\/33","targetHints":{"allow":["GET"]}}],"collection":[{"href":"https:\/\/fethiyesailing.com\/en\/wp-json\/wp\/v2\/pages"}],"about":[{"href":"https:\/\/fethiyesailing.com\/en\/wp-json\/wp\/v2\/types\/page"}],"author":[{"embeddable":true,"href":"https:\/\/fethiyesailing.com\/en\/wp-json\/wp\/v2\/users\/1"}],"replies":[{"embeddable":true,"href":"https:\/\/fethiyesailing.com\/en\/wp-json\/wp\/v2\/comments?post=33"}],"version-history":[{"count":26,"href":"https:\/\/fethiyesailing.com\/en\/wp-json\/wp\/v2\/pages\/33\/revisions"}],"predecessor-version":[{"id":12999,"href":"https:\/\/fethiyesailing.com\/en\/wp-json\/wp\/v2\/pages\/33\/revisions\/12999"}],"wp:attachment":[{"href":"https:\/\/fethiyesailing.com\/en\/wp-json\/wp\/v2\/media?parent=33"}],"curies":[{"name":"wp","href":"https:\/\/api.w.org\/{rel}","templated":true}]}}