{"id":961,"date":"2025-09-17T02:02:39","date_gmt":"2025-09-16T23:02:39","guid":{"rendered":"https:\/\/fethiyesailing.com\/?page_id=961"},"modified":"2025-12-31T16:48:58","modified_gmt":"2025-12-31T13:48:58","slug":"iptal-iade-politikamiz","status":"publish","type":"page","link":"https:\/\/fethiyesailing.com\/en\/iptal-iade-politikamiz\/","title":{"rendered":"Delivery and Return Terms"},"content":{"rendered":"<h1 data-start=\"286\" data-end=\"317\"><strong data-start=\"288\" data-end=\"317\">DELIVERY AND RETURN CONDITIONS<\/strong><\/h1>\n<h2 data-start=\"319\" data-end=\"356\"><strong data-start=\"322\" data-end=\"354\">1. Delivery (Performance of Service)<\/strong><\/h2>\n<ul data-start=\"357\" data-end=\"748\">\n<li data-start=\"357\" data-end=\"476\">\n<p data-start=\"359\" data-end=\"476\">Delivery is not the shipment of a physical product; <strong data-start=\"404\" data-end=\"452\">Boat rental \/ tour service startup<\/strong> means.<\/p>\n<\/li>\n<li data-start=\"477\" data-end=\"574\">\n<p data-start=\"479\" data-end=\"574\">The service on the date specified during booking and <strong data-start=\"531\" data-end=\"564\">at the designated starting marina<\/strong>\u00a0begins.<\/p>\n<\/li>\n<li data-start=\"575\" data-end=\"748\">\n<p data-start=\"577\" data-end=\"748\">After the service begins, the tour program, based on weather, sea conditions, and safety reasons <strong data-start=\"683\" data-end=\"730\">as deemed necessary by the captain<\/strong> changeable.<\/p>\n<\/li>\n<\/ul>\n<hr data-start=\"750\" data-end=\"753\" \/>\n<h2 data-start=\"755\" data-end=\"813\"><strong data-start=\"758\" data-end=\"813\">2. Cancellation and Refund Policy (Customer-Initiated Cancellation)<\/strong><\/h2>\n<p data-start=\"815\" data-end=\"859\">The following cancellation and refund terms apply:<\/p>\n<ul data-start=\"861\" data-end=\"1659\">\n<li data-start=\"861\" data-end=\"984\">\n<p data-start=\"863\" data-end=\"984\"><strong data-start=\"863\" data-end=\"923\">Cancellations made up to 120 days before the tour date<\/strong><br data-start=\"923\" data-end=\"926\" \/>The full amount paid <strong data-start=\"950\" data-end=\"983\">It is refunded uninterruptedly<\/strong>.<\/p>\n<\/li>\n<li data-start=\"986\" data-end=\"1118\">\n<p data-start=\"988\" data-end=\"1118\"><strong data-start=\"988\" data-end=\"1047\">Cancellations made up to 90 days before the tour date<\/strong><br data-start=\"1047\" data-end=\"1050\" \/>Total tour cost <strong data-start=\"1073\" data-end=\"1093\">%20\u2019si kesilerek<\/strong> The amount paid will be refunded.<\/p>\n<\/li>\n<li data-start=\"1120\" data-end=\"1247\">\n<p data-start=\"1122\" data-end=\"1247\"><strong data-start=\"1122\" data-end=\"1181\">Cancellations made up to 60 days before the tour date<\/strong><br data-start=\"1181\" data-end=\"1184\" \/>Total tour cost <strong data-start=\"1207\" data-end=\"1226\">%30\u2019u kesilerek<\/strong> The purchase transaction is made.<\/p>\n<\/li>\n<li data-start=\"1249\" data-end=\"1530\">\n<p data-start=\"1251\" data-end=\"1530\"><strong data-start=\"1251\" data-end=\"1298\">cancellations made 30 days before the tour date<\/strong><br data-start=\"1298\" data-end=\"1301\" \/>Paid reservation fee <strong data-start=\"1329\" data-end=\"1345\">non-refundable<\/strong>.<br data-start=\"1346\" data-end=\"1349\" \/>However, the guest has from the reservation amount they paid <strong data-start=\"1397\" data-end=\"1451\">tur bedelinin %30\u2019u kesilmek suretiyle kalan k\u0131sm\u0131<\/strong>,<br data-start=\"1452\" data-end=\"1455\" \/><strong data-start=\"1457\" data-end=\"1516\">In the next season, on the same boat or a different boat<\/strong> can use.<\/p>\n<\/li>\n<li data-start=\"1532\" data-end=\"1659\">\n<p data-start=\"1534\" data-end=\"1659\"><strong data-start=\"1534\" data-end=\"1581\">For cancellations made 14 days before the tour date,<\/strong><br data-start=\"1581\" data-end=\"1584\" \/>Replacement cost <strong data-start=\"1600\" data-end=\"1624\">collected in full<\/strong> and <strong data-start=\"1628\" data-end=\"1658\">No refunds will be given.<\/strong>.<\/p>\n<\/li>\n<\/ul>\n<p data-start=\"1661\" data-end=\"1848\">for cancellation or change requests to be valid, they must <strong data-start=\"1728\" data-end=\"1777\">in writing (via email or WhatsApp)<\/strong> Notification is required. Verbal cancellation notifications are not considered valid.<\/p>\n<hr data-start=\"1850\" data-end=\"1853\" \/>\n<h2 data-start=\"1855\" data-end=\"1911\"><strong data-start=\"1858\" data-end=\"1911\">3. Company-Initiated Cancellation - Force Majeure Events<\/strong><\/h2>\n<p data-start=\"1913\" data-end=\"1992\">The tour may be canceled or postponed by the company in the following cases:<\/p>\n<ul data-start=\"1994\" data-end=\"2157\">\n<li data-start=\"1994\" data-end=\"2032\">\n<p data-start=\"1996\" data-end=\"2032\">Unfavorable weather and sea conditions<\/p>\n<\/li>\n<li data-start=\"2033\" data-end=\"2049\">\n<p data-start=\"2035\" data-end=\"2049\">Technical failure<\/p>\n<\/li>\n<li data-start=\"2050\" data-end=\"2090\">\n<p data-start=\"2052\" data-end=\"2090\">Mandatory situations affecting security<\/p>\n<\/li>\n<li data-start=\"2091\" data-end=\"2157\">\n<p data-start=\"2093\" data-end=\"2157\">Force majeure (natural disaster, administrative ban, travel restriction, etc.)<\/p>\n<\/li>\n<\/ul>\n<p data-start=\"2159\" data-end=\"2182\">In these cases, the guest;<\/p>\n<ul data-start=\"2184\" data-end=\"2269\">\n<li data-start=\"2184\" data-end=\"2222\">\n<p data-start=\"2186\" data-end=\"2222\"><strong data-start=\"2186\" data-end=\"2215\">Alternative history option<\/strong> or<\/p>\n<\/li>\n<li data-start=\"2223\" data-end=\"2269\">\n<p data-start=\"2225\" data-end=\"2269\"><strong data-start=\"2225\" data-end=\"2269\">full refund upon request<\/strong><\/p>\n<\/li>\n<\/ul>\n<p data-start=\"2271\" data-end=\"2359\">is offered. No additional compensation or claims can be made in case of cancellations due to force majeure.<\/p>\n<hr data-start=\"2361\" data-end=\"2364\" \/>\n<h2 data-start=\"2366\" data-end=\"2387\"><strong data-start=\"2369\" data-end=\"2387\">4. Return Process<\/strong><\/h2>\n<ul data-start=\"2389\" data-end=\"2581\">\n<li data-start=\"2389\" data-end=\"2513\">\n<p data-start=\"2391\" data-end=\"2513\">Refunds will be processed through the original payment method and <strong data-start=\"2446\" data-end=\"2493\">within the framework of iyzico payment system rules<\/strong> is carried out.<\/p>\n<\/li>\n<li data-start=\"2514\" data-end=\"2581\">\n<p data-start=\"2516\" data-end=\"2581\">Bank and payment provider processing times may vary.<\/p>\n<\/li>\n<\/ul>\n<hr data-start=\"2583\" data-end=\"2586\" \/>\n<h2 data-start=\"2588\" data-end=\"2627\"><strong data-start=\"2591\" data-end=\"2625\">5. Non-Appearance for Service<\/strong><\/h2>\n<p data-start=\"2628\" data-end=\"2712\">In case of not participating in the tour on the reserved date <strong data-start=\"2681\" data-end=\"2711\">No refunds will be given.<\/strong>.<\/p>","protected":false},"excerpt":{"rendered":"<p>TESL\u0130MAT VE \u0130ADE \u015eARTLARI 1. Teslimat (Hizmetin \u0130fas\u0131) Teslimat, fiziksel bir \u00fcr\u00fcn g\u00f6nderimi de\u011fil; tekne kiralama \/ tur hizmetinin ba\u015flat\u0131lmas\u0131 anlam\u0131na gelmektedir. Hizmet, rezervasyon s\u0131ras\u0131nda belirtilen tarihte ve belirlenen ba\u015flang\u0131\u00e7 marinas\u0131nda\u00a0ba\u015flar. Hizmetin ba\u015flamas\u0131ndan sonra tur program\u0131, hava ve deniz ko\u015fullar\u0131 ile g\u00fcvenlik gerek\u00e7eleri do\u011frultusunda kaptan taraf\u0131ndan gerekli g\u00f6r\u00fclmesi halinde de\u011fi\u015ftirilebilir. 2. \u0130ptal ve \u0130ade Ko\u015fullar\u0131&#8230;<\/p>","protected":false},"author":1,"featured_media":0,"parent":0,"menu_order":9,"comment_status":"closed","ping_status":"closed","template":"","meta":{"_acf_changed":false,"footnotes":""},"class_list":["post-961","page","type-page","status-publish","hentry"],"acf":[],"yoast_head":"<!-- This site is optimized with the Yoast SEO plugin v26.4 - https:\/\/yoast.com\/wordpress\/plugins\/seo\/ -->\n<title>Teslimat ve \u0130ade \u015eartlar\u0131 - Fethiye Sailing<\/title>\n<meta name=\"robots\" content=\"index, follow, max-snippet:-1, max-image-preview:large, max-video-preview:-1\" \/>\n<link rel=\"canonical\" href=\"https:\/\/fethiyesailing.com\/en\/iptal-iade-politikamiz\/\" \/>\n<meta property=\"og:locale\" content=\"en_US\" \/>\n<meta property=\"og:type\" content=\"article\" \/>\n<meta property=\"og:title\" content=\"Teslimat ve \u0130ade \u015eartlar\u0131 - Fethiye Sailing\" \/>\n<meta property=\"og:description\" content=\"TESL\u0130MAT VE \u0130ADE \u015eARTLARI 1. Teslimat (Hizmetin \u0130fas\u0131) Teslimat, fiziksel bir \u00fcr\u00fcn g\u00f6nderimi de\u011fil; tekne kiralama \/ tur hizmetinin ba\u015flat\u0131lmas\u0131 anlam\u0131na gelmektedir. Hizmet, rezervasyon s\u0131ras\u0131nda belirtilen tarihte ve belirlenen ba\u015flang\u0131\u00e7 marinas\u0131nda\u00a0ba\u015flar. Hizmetin ba\u015flamas\u0131ndan sonra tur program\u0131, hava ve deniz ko\u015fullar\u0131 ile g\u00fcvenlik gerek\u00e7eleri do\u011frultusunda kaptan taraf\u0131ndan gerekli g\u00f6r\u00fclmesi halinde de\u011fi\u015ftirilebilir. 2. \u0130ptal ve \u0130ade Ko\u015fullar\u0131...\" \/>\n<meta property=\"og:url\" content=\"https:\/\/fethiyesailing.com\/en\/iptal-iade-politikamiz\/\" \/>\n<meta property=\"og:site_name\" content=\"Fethiye Sailing\" \/>\n<meta property=\"article:modified_time\" content=\"2025-12-31T13:48:58+00:00\" \/>\n<meta name=\"twitter:card\" content=\"summary_large_image\" \/>\n<meta name=\"twitter:label1\" content=\"Est. reading time\" \/>\n\t<meta name=\"twitter:data1\" content=\"2 minutes\" \/>\n<script type=\"application\/ld+json\" class=\"yoast-schema-graph\">{\"@context\":\"https:\/\/schema.org\",\"@graph\":[{\"@type\":\"WebPage\",\"@id\":\"https:\/\/fethiyesailing.com\/iptal-iade-politikamiz\/\",\"url\":\"https:\/\/fethiyesailing.com\/iptal-iade-politikamiz\/\",\"name\":\"Teslimat ve \u0130ade \u015eartlar\u0131 - Fethiye Sailing\",\"isPartOf\":{\"@id\":\"https:\/\/fethiyesailing.com\/#website\"},\"datePublished\":\"2025-09-16T23:02:39+00:00\",\"dateModified\":\"2025-12-31T13:48:58+00:00\",\"breadcrumb\":{\"@id\":\"https:\/\/fethiyesailing.com\/iptal-iade-politikamiz\/#breadcrumb\"},\"inLanguage\":\"en-US\",\"potentialAction\":[{\"@type\":\"ReadAction\",\"target\":[\"https:\/\/fethiyesailing.com\/iptal-iade-politikamiz\/\"]}]},{\"@type\":\"BreadcrumbList\",\"@id\":\"https:\/\/fethiyesailing.com\/iptal-iade-politikamiz\/#breadcrumb\",\"itemListElement\":[{\"@type\":\"ListItem\",\"position\":1,\"name\":\"Anasayfa\",\"item\":\"https:\/\/fethiyesailing.com\/\"},{\"@type\":\"ListItem\",\"position\":2,\"name\":\"Teslimat ve \u0130ade \u015eartlar\u0131\"}]},{\"@type\":\"WebSite\",\"@id\":\"https:\/\/fethiyesailing.com\/#website\",\"url\":\"https:\/\/fethiyesailing.com\/\",\"name\":\"Fethiye Sailing\",\"description\":\"Yelkenli Tekne ve Katamaran Kiralama, Yelkenli Yat\u00e7\u0131l\u0131k E\u011fitimleri\",\"publisher\":{\"@id\":\"https:\/\/fethiyesailing.com\/#organization\"},\"potentialAction\":[{\"@type\":\"SearchAction\",\"target\":{\"@type\":\"EntryPoint\",\"urlTemplate\":\"https:\/\/fethiyesailing.com\/?s={search_term_string}\"},\"query-input\":{\"@type\":\"PropertyValueSpecification\",\"valueRequired\":true,\"valueName\":\"search_term_string\"}}],\"inLanguage\":\"en-US\"},{\"@type\":\"Organization\",\"@id\":\"https:\/\/fethiyesailing.com\/#organization\",\"name\":\"Fethiye Sailing\",\"url\":\"https:\/\/fethiyesailing.com\/\",\"logo\":{\"@type\":\"ImageObject\",\"inLanguage\":\"en-US\",\"@id\":\"https:\/\/fethiyesailing.com\/#\/schema\/logo\/image\/\",\"url\":\"https:\/\/fethiyesailing.com\/wp-content\/uploads\/2025\/03\/FethiyeSailingLogo.svg\",\"contentUrl\":\"https:\/\/fethiyesailing.com\/wp-content\/uploads\/2025\/03\/FethiyeSailingLogo.svg\",\"width\":\"1024\",\"height\":\"1024\",\"caption\":\"Fethiye Sailing\"},\"image\":{\"@id\":\"https:\/\/fethiyesailing.com\/#\/schema\/logo\/image\/\"},\"sameAs\":[\"https:\/\/www.instagram.com\/fethiyesailing\/\"]}]}<\/script>\n<!-- \/ Yoast SEO plugin. -->","yoast_head_json":{"title":"Teslimat ve \u0130ade \u015eartlar\u0131 - Fethiye Sailing","robots":{"index":"index","follow":"follow","max-snippet":"max-snippet:-1","max-image-preview":"max-image-preview:large","max-video-preview":"max-video-preview:-1"},"canonical":"https:\/\/fethiyesailing.com\/en\/iptal-iade-politikamiz\/","og_locale":"en_US","og_type":"article","og_title":"Teslimat ve \u0130ade \u015eartlar\u0131 - Fethiye Sailing","og_description":"TESL\u0130MAT VE \u0130ADE \u015eARTLARI 1. Teslimat (Hizmetin \u0130fas\u0131) Teslimat, fiziksel bir \u00fcr\u00fcn g\u00f6nderimi de\u011fil; tekne kiralama \/ tur hizmetinin ba\u015flat\u0131lmas\u0131 anlam\u0131na gelmektedir. Hizmet, rezervasyon s\u0131ras\u0131nda belirtilen tarihte ve belirlenen ba\u015flang\u0131\u00e7 marinas\u0131nda\u00a0ba\u015flar. Hizmetin ba\u015flamas\u0131ndan sonra tur program\u0131, hava ve deniz ko\u015fullar\u0131 ile g\u00fcvenlik gerek\u00e7eleri do\u011frultusunda kaptan taraf\u0131ndan gerekli g\u00f6r\u00fclmesi halinde de\u011fi\u015ftirilebilir. 2. \u0130ptal ve \u0130ade Ko\u015fullar\u0131...","og_url":"https:\/\/fethiyesailing.com\/en\/iptal-iade-politikamiz\/","og_site_name":"Fethiye Sailing","article_modified_time":"2025-12-31T13:48:58+00:00","twitter_card":"summary_large_image","twitter_misc":{"Est. reading time":"2 minutes"},"schema":{"@context":"https:\/\/schema.org","@graph":[{"@type":"WebPage","@id":"https:\/\/fethiyesailing.com\/iptal-iade-politikamiz\/","url":"https:\/\/fethiyesailing.com\/iptal-iade-politikamiz\/","name":"Teslimat ve \u0130ade \u015eartlar\u0131 - Fethiye Sailing","isPartOf":{"@id":"https:\/\/fethiyesailing.com\/#website"},"datePublished":"2025-09-16T23:02:39+00:00","dateModified":"2025-12-31T13:48:58+00:00","breadcrumb":{"@id":"https:\/\/fethiyesailing.com\/iptal-iade-politikamiz\/#breadcrumb"},"inLanguage":"en-US","potentialAction":[{"@type":"ReadAction","target":["https:\/\/fethiyesailing.com\/iptal-iade-politikamiz\/"]}]},{"@type":"BreadcrumbList","@id":"https:\/\/fethiyesailing.com\/iptal-iade-politikamiz\/#breadcrumb","itemListElement":[{"@type":"ListItem","position":1,"name":"Anasayfa","item":"https:\/\/fethiyesailing.com\/"},{"@type":"ListItem","position":2,"name":"Teslimat ve \u0130ade \u015eartlar\u0131"}]},{"@type":"WebSite","@id":"https:\/\/fethiyesailing.com\/#website","url":"https:\/\/fethiyesailing.com\/","name":"Fethiye Sailing","description":"Yelkenli Tekne ve Katamaran Kiralama, Yelkenli Yat\u00e7\u0131l\u0131k E\u011fitimleri","publisher":{"@id":"https:\/\/fethiyesailing.com\/#organization"},"potentialAction":[{"@type":"SearchAction","target":{"@type":"EntryPoint","urlTemplate":"https:\/\/fethiyesailing.com\/?s={search_term_string}"},"query-input":{"@type":"PropertyValueSpecification","valueRequired":true,"valueName":"search_term_string"}}],"inLanguage":"en-US"},{"@type":"Organization","@id":"https:\/\/fethiyesailing.com\/#organization","name":"Fethiye Sailing","url":"https:\/\/fethiyesailing.com\/","logo":{"@type":"ImageObject","inLanguage":"en-US","@id":"https:\/\/fethiyesailing.com\/#\/schema\/logo\/image\/","url":"https:\/\/fethiyesailing.com\/wp-content\/uploads\/2025\/03\/FethiyeSailingLogo.svg","contentUrl":"https:\/\/fethiyesailing.com\/wp-content\/uploads\/2025\/03\/FethiyeSailingLogo.svg","width":"1024","height":"1024","caption":"Fethiye Sailing"},"image":{"@id":"https:\/\/fethiyesailing.com\/#\/schema\/logo\/image\/"},"sameAs":["https:\/\/www.instagram.com\/fethiyesailing\/"]}]}},"_links":{"self":[{"href":"https:\/\/fethiyesailing.com\/en\/wp-json\/wp\/v2\/pages\/961","targetHints":{"allow":["GET"]}}],"collection":[{"href":"https:\/\/fethiyesailing.com\/en\/wp-json\/wp\/v2\/pages"}],"about":[{"href":"https:\/\/fethiyesailing.com\/en\/wp-json\/wp\/v2\/types\/page"}],"author":[{"embeddable":true,"href":"https:\/\/fethiyesailing.com\/en\/wp-json\/wp\/v2\/users\/1"}],"replies":[{"embeddable":true,"href":"https:\/\/fethiyesailing.com\/en\/wp-json\/wp\/v2\/comments?post=961"}],"version-history":[{"count":2,"href":"https:\/\/fethiyesailing.com\/en\/wp-json\/wp\/v2\/pages\/961\/revisions"}],"predecessor-version":[{"id":12883,"href":"https:\/\/fethiyesailing.com\/en\/wp-json\/wp\/v2\/pages\/961\/revisions\/12883"}],"wp:attachment":[{"href":"https:\/\/fethiyesailing.com\/en\/wp-json\/wp\/v2\/media?parent=961"}],"curies":[{"name":"wp","href":"https:\/\/api.w.org\/{rel}","templated":true}]}}