{"id":35,"date":"2025-03-23T21:19:13","date_gmt":"2025-03-23T18:19:13","guid":{"rendered":"https:\/\/fethiyesailing.com\/?page_id=35"},"modified":"2026-04-21T22:02:48","modified_gmt":"2026-04-21T19:02:48","slug":"iletisim","status":"publish","type":"page","link":"https:\/\/fethiyesailing.com\/ru\/iletisim\/","title":{"rendered":"\u041a\u043e\u043d\u0442\u0430\u043a\u0442\u044b \u0438 \u0431\u0440\u043e\u043d\u0438\u0440\u043e\u0432\u0430\u043d\u0438\u0435"},"content":{"rendered":"<section class=\"l-section wpb_row height_large color_primary with_img\"><div class=\"l-section-img\" role=\"img\" data-img-width=\"790\" data-img-height=\"996\" style=\"background-image: url(https:\/\/fethiyesailing.com\/wp-content\/uploads\/2025\/11\/Ekran-goruntusu-2025-11-15-151803.jpg);\"><\/div><div class=\"l-section-overlay\" style=\"background:rgba(0,0,0,0.55)\"><\/div><div class=\"l-section-h i-cf\"><div class=\"g-cols vc_row via_grid cols_1 laptops-cols_inherit tablets-cols_inherit mobiles-cols_1 valign_middle type_default stacking_default\"><div class=\"wpb_column vc_column_container\"><div class=\"vc_column-inner\"><div class=\"wpb_text_column\"><div class=\"wpb_wrapper\"><h1 style=\"text-align:center; color:#fff; margin:0; letter-spacing:-0.01em;\">\u041a\u043e\u043d\u0442\u0430\u043a\u0442\u044b \u0438 \u0431\u0440\u043e\u043d\u0438\u0440\u043e\u0432\u0430\u043d\u0438\u0435<\/h1>\n<p style=\"text-align:center; color:#fff; opacity:.92; font-size:1.08rem; margin:10px auto 0; max-width:640px;\">\u0421\u0432\u044f\u0436\u0438\u0442\u0435\u0441\u044c \u0441 \u043d\u0430\u043c\u0438 \u043f\u043e \u043b\u044e\u0431\u043e\u043c\u0443 \u043a\u0430\u043d\u0430\u043b\u0443 \u0441\u0432\u044f\u0437\u0438 \u043f\u043e \u0432\u043e\u043f\u0440\u043e\u0441\u0430\u043c \u043f\u0430\u0440\u0443\u0441\u043d\u043e\u0433\u043e \u0441\u043f\u043e\u0440\u0442\u0430, \u0430\u0440\u0435\u043d\u0434\u044b \u043b\u043e\u0434\u043e\u043a, \u043c\u0435\u0440\u043e\u043f\u0440\u0438\u044f\u0442\u0438\u0439 \u0438 \u043e\u0431\u0443\u0447\u0435\u043d\u0438\u044f - \u043c\u044b \u0441\u0432\u044f\u0436\u0435\u043c\u0441\u044f \u0441 \u0432\u0430\u043c\u0438 \u043a\u0430\u043a \u043c\u043e\u0436\u043d\u043e \u0441\u043a\u043e\u0440\u0435\u0435.<\/p>\n<\/div><\/div><\/div><\/div><\/div><\/div><\/section><section class=\"l-section wpb_row height_medium\"><div class=\"l-section-h i-cf\"><div class=\"g-cols vc_row via_grid cols_2-3 laptops-cols_inherit tablets-cols_inherit mobiles-cols_1 valign_top type_default stacking_default\" style=\"--columns-gap:1.5rem;\"><div class=\"wpb_column vc_column_container\"><div class=\"vc_column-inner\"><h2 class=\"w-text us_custom_ca6677b2\"><span class=\"w-text-h\"><span class=\"w-text-value\">\u041a\u043e\u043d\u0442\u0430\u043a\u0442\u043d\u0430\u044f \u0444\u043e\u0440\u043c\u0430<\/span><\/span><\/h2><div class=\"w-separator size_small\"><\/div><form class=\"w-form  us-field-style_1 layout_ver show_message_after_sending for_cform us_form_1\" action=\"https:\/\/fethiyesailing.com\/ru\/ru\/wp-json\/wp\/v2\/pages\/35\" method=\"post\" data-trp-original-action=\"https:\/\/fethiyesailing.com\/ru\/ru\/wp-json\/wp\/v2\/pages\/35\"><div class=\"w-form-h\"><div class=\"w-form-row for_text required\">\r\n\t\t<div class=\"w-form-row-field\">\r\n\t\t\t\t\t\t<input aria-label=\"\u0418\u043c\u044f \u0424\u0430\u043c\u0438\u043b\u0438\u044f\" type=\"text\" name=\"us_form_1_text_1\" value placeholder=\"\u0418\u043c\u044f \u0424\u0430\u043c\u0438\u043b\u0438\u044f *\" data-required=\"true\" aria-required=\"true\"\/>\r\n\t\t\t<\/div>\r\n\t\t<div class=\"w-form-row-state\">\u0417\u0430\u043f\u043e\u043b\u043d\u0438\u0442\u0435 \u043f\u043e\u043b\u0435<\/div>\r\n<\/div>\r\n<div class=\"w-form-row for_email\">\r\n\t\t<div class=\"w-form-row-field\">\r\n\t\t\t\t\t\t<input aria-label=\"\u042d\u043b\u0435\u043a\u0442\u0440\u043e\u043d\u043d\u0430\u044f \u043f\u043e\u0447\u0442\u0430\" type=\"email\" name=\"us_form_1_email_1\" value placeholder=\"\u042d\u043b\u0435\u043a\u0442\u0440\u043e\u043d\u043d\u0430\u044f \u043f\u043e\u0447\u0442\u0430\"\/>\r\n\t\t\t<\/div>\r\n\t\t<div class=\"w-form-row-state\">\u041f\u043e\u0436\u0430\u043b\u0443\u0439\u0441\u0442\u0430, \u0432\u0432\u0435\u0434\u0438\u0442\u0435 \u043a\u043e\u0440\u0440\u0435\u043a\u0442\u043d\u044b\u0439 \u0430\u0434\u0440\u0435\u0441 email.<\/div>\r\n<\/div>\r\n<div class=\"w-form-row for_text required\">\r\n\t\t<div class=\"w-form-row-field\">\r\n\t\t\t\t\t\t<input aria-label=\"\u0422\u0435\u043b\u0435\u0444\u043e\u043d\" inputmode=\"tel\" type=\"text\" name=\"us_form_1_text_2\" value placeholder=\"\u0422\u0435\u043b\u0435\u0444\u043e\u043d *\" data-required=\"true\" aria-required=\"true\"\/>\r\n\t\t\t<\/div>\r\n\t\t<div class=\"w-form-row-state\">\u0417\u0430\u043f\u043e\u043b\u043d\u0438\u0442\u0435 \u043f\u043e\u043b\u0435<\/div>\r\n<\/div>\r\n<div class=\"w-form-row for_textarea\">\r\n\t\t<div class=\"w-form-row-field\">\r\n\t\t\t\t\t\t<textarea aria-label=\"\u0412\u0430\u0448\u0435 \u0441\u043e\u043e\u0431\u0449\u0435\u043d\u0438\u0435\" name=\"us_form_1_textarea_1\" placeholder=\"\u0412\u0430\u0448\u0435 \u0441\u043e\u043e\u0431\u0449\u0435\u043d\u0438\u0435\"><\/textarea>\r\n\t\t\t<\/div>\r\n\t\t<div class=\"w-form-row-state\">\u0417\u0430\u043f\u043e\u043b\u043d\u0438\u0442\u0435 \u043f\u043e\u043b\u0435<\/div>\r\n<\/div>\r\n<input type=\"hidden\" name=\"action\" value=\"us_ajax_cform\" \/>\r\n<input type=\"hidden\" name=\"post_id\" value=\"0\" \/>\r\n<input type=\"hidden\" name=\"form_index\" value=\"1\" \/>\r\n<div class=\"w-form-row for_submit align_none\">\r\n\t<button class=\"w-btn  us-btn-style_3\" aria-label=\"\u041e\u0442\u043f\u0440\u0430\u0432\u0438\u0442\u044c\" type=\"submit\">\r\n\t\t<span class=\"g-preloader type_1\"><\/span>\r\n\t\t\t\t<span class=\"w-btn-label\">\u041e\u0442\u043f\u0440\u0430\u0432\u0438\u0442\u044c<\/span>\r\n\t\t\t<\/button>\r\n\t<\/div>\r\n<\/div><div class=\"w-form-message\"><\/div><div class=\"w-form-json hidden\" onclick='return {&quot;ajaxurl&quot;:&quot;https:\\\/\\\/fethiyesailing.com\\\/wp-admin\\\/admin-ajax.php&quot;,&quot;messages&quot;:{&quot;err_empty&quot;:&quot;\\u0417\\u0430\\u043f\\u043e\\u043b\\u043d\\u0438\\u0442\\u0435 \\u043f\\u043e\\u043b\\u0435&quot;,&quot;err_size&quot;:&quot;\\u0420\\u0430\\u0437\\u043c\\u0435\\u0440 \\u0444\\u0430\\u0439\\u043b\\u0430 \\u043d\\u0435 \\u043c\\u043e\\u0436\\u0435\\u0442 \\u043f\\u0440\\u0435\\u0432\\u044b\\u0448\\u0430\\u0442\\u044c %s \\u041c\\u0411&quot;,&quot;err_extension&quot;:&quot;%s \\u043d\\u0435\\u0434\\u043e\\u043f\\u0443\\u0441\\u0442\\u0438\\u043c\\u044b\\u0439 \\u0442\\u0438\\u043f \\u0444\\u0430\\u0439\\u043b\\u0430&quot;,&quot;err_recaptcha_keys&quot;:&quot;\\u041d\\u0435\\u043a\\u043e\\u0440\\u0440\\u0435\\u043a\\u0442\\u043d\\u044b\\u0435 \\u043a\\u043b\\u044e\\u0447\\u0438 reCAPTCHA&quot;}}'><\/div><input type=\"hidden\" name=\"trp-form-language\" value=\"ru\"\/><\/form><\/div><\/div><div class=\"wpb_column vc_column_container\"><div class=\"vc_column-inner\"><div class=\"wpb_text_column\"><div class=\"wpb_wrapper\"><style>\n.fs-contact-grid {\n  display: grid;\n  grid-template-columns: 1fr 1fr;\n  gap: 14px;\n  margin-bottom: 18px;\n}\n.fs-contact-card {\n  background: #fff;\n  border: 1px solid #e2e8f0;\n  border-radius: 14px;\n  padding: 20px;\n  display: flex;\n  flex-direction: column;\n  gap: 10px;\n  transition: box-shadow .3s ease, transform .3s ease, border-color .3s ease;\n}\n.fs-contact-card:hover {\n  box-shadow: 0 12px 32px rgba(15, 23, 42, 0.08);\n  transform: translateY(-2px);\n  border-color: #cbd5e1;\n}\n.fs-contact-flag {\n  display: inline-flex; align-items: center; gap: 8px;\n  font-size: .78rem; font-weight: 600; letter-spacing: .08em;\n  text-transform: uppercase; color: #475569;\n}\n.fs-contact-flag .fs-dot {\n  width: 8px; height: 8px; border-radius: 50%;\n  background: #22c55e;\n  box-shadow: 0 0 0 3px rgba(34, 197, 94, 0.18);\n}\n.fs-contact-number {\n  font-size: 1.45rem; font-weight: 700;\n  color: #0f172a; letter-spacing: -0.01em;\n  margin: 0; line-height: 1.2;\n}\n.fs-contact-links {\n  display: flex; flex-wrap: wrap; gap: 8px;\n  margin-top: 4px;\n}\n.fs-contact-btn {\n  display: inline-flex; align-items: center; gap: 6px;\n  padding: 8px 14px;\n  border-radius: 999px;\n  font-size: .85rem; font-weight: 500;\n  text-decoration: none !important;\n  transition: transform .25s ease, background .25s ease;\n}\n.fs-contact-btn.wa { background: #25D366; color: #fff !important; }\n.fs-contact-btn.tel { background: #f1f5f9; color: #334155 !important; }\n.fs-contact-btn:hover { transform: translateY(-1px); }\n.fs-contact-btn.wa:hover { background: #1ebe57; }\n.fs-contact-btn.tel:hover { background: #e2e8f0; }\n.fs-contact-row {\n  background: #fff;\n  border: 1px solid #e2e8f0;\n  border-radius: 14px;\n  padding: 18px 22px;\n  margin-bottom: 12px;\n  display: flex; align-items: center; gap: 14px;\n}\n.fs-contact-row .fs-row-icon {\n  width: 44px; height: 44px; border-radius: 12px;\n  background: linear-gradient(135deg, #06b6d4, #0ea5e9);\n  color: #fff; display: inline-flex; align-items: center; justify-content: center;\n  font-size: 1.1rem; flex: 0 0 44px;\n}\n.fs-contact-row .fs-row-label {\n  font-size: .78rem; text-transform: uppercase; letter-spacing: .08em;\n  color: #64748b; margin: 0 0 2px;\n}\n.fs-contact-row .fs-row-value {\n  font-size: 1.02rem; font-weight: 600; color: #0f172a; margin: 0;\n}\n.fs-contact-row a { color: #0f172a !important; text-decoration: none !important; }\n.fs-contact-row a:hover { color: #0ea5e9 !important; }\n@media (max-width: 680px) {\n  .fs-contact-grid { grid-template-columns: 1fr; }\n}\n<\/style>\n<h2 style=\"margin:0 0 4px; letter-spacing:-0.01em;\">\u041f\u0440\u044f\u043c\u0430\u044f \u0441\u0432\u044f\u0437\u044c<\/h2>\n<p style=\"opacity:.75; margin:0 0 16px;\">\u0412\u044b\u0431\u0435\u0440\u0438\u0442\u0435 \u0441\u0442\u0440\u043e\u043a\u0443, \u043a\u043e\u0442\u043e\u0440\u0430\u044f \u043b\u0443\u0447\u0448\u0435 \u0432\u0441\u0435\u0433\u043e \u043f\u043e\u0434\u0445\u043e\u0434\u0438\u0442 \u0434\u043b\u044f \u0432\u0430\u0448\u0435\u0433\u043e \u044f\u0437\u044b\u043a\u0430 - \u0432\u0441\u0435 \u043e\u043d\u0438 \u0438\u043c\u0435\u044e\u0442 \u0430\u043a\u0442\u0438\u0432\u043d\u044b\u0439 WhatsApp.<\/p>\n<div class=\"fs-contact-grid\">\n<div class=\"fs-contact-card\"><span class=\"fs-contact-flag\"><span class=\"fs-dot\"><\/span>\ud83c\uddf9\ud83c\uddf7 \u0410\u043d\u0433\u043b\u0438\u0439\u0441\u043a\u0438\u0439 \u044f\u0437\u044b\u043a<\/span><\/p>\n<p class=\"fs-contact-number\">+90 553 351 70 99<\/p>\n<div class=\"fs-contact-links\"><a class=\"fs-contact-btn wa\" href=\"https:\/\/wa.me\/905533517099\" target=\"_blank\" rel=\"noopener\">\ud83d\udcac WhatsApp<\/a><a class=\"fs-contact-btn tel\" href=\"tel:+905533517099\">\ud83d\udcde \u0417\u0432\u043e\u043d\u043e\u043a<\/a><\/div>\n<\/div>\n<div class=\"fs-contact-card\"><span class=\"fs-contact-flag\"><span class=\"fs-dot\"><\/span>\ud83c\uddf7\ud83c\uddfa \u0420\u0443\u0441\u0441\u043a\u0438\u0439 \/ \ud83c\uddec\ud83c\udde7 \u0410\u043d\u0433\u043b\u0438\u0439\u0441\u043a\u0438\u0439<\/span><\/p>\n<p class=\"fs-contact-number\">+90 507 206 95 48<\/p>\n<div class=\"fs-contact-links\"><a class=\"fs-contact-btn wa\" href=\"https:\/\/wa.me\/905072069548\" target=\"_blank\" rel=\"noopener\">\ud83d\udcac WhatsApp<\/a><a class=\"fs-contact-btn tel\" href=\"tel:+905072069548\">\ud83d\udcde \u0417\u0432\u043e\u043d\u043e\u043a<\/a><\/div>\n<\/div>\n<\/div>\n<div class=\"fs-contact-row\">\n<div class=\"fs-row-icon\">\u2709\ufe0f<\/div>\n<div>\n<p class=\"fs-row-label\">\u042d\u043b\u0435\u043a\u0442\u0440\u043e\u043d\u043d\u0430\u044f \u043f\u043e\u0447\u0442\u0430<\/p>\n<p class=\"fs-row-value\"><a href=\"mailto:info@fethiyesailing.com\">info@fethiyesailing.com<\/a><\/p>\n<\/div>\n<\/div>\n<div class=\"fs-contact-row\">\n<div class=\"fs-row-icon\">\ud83d\udccd<\/div>\n<div>\n<p class=\"fs-row-label\">\u0410\u0434\u0440\u0435\u0441<\/p>\n<p class=\"fs-row-value\">Karagozler Mah. 1st Sk. No: 34, \u0424\u0435\u0442\u0445\u0438\u0435, \u041c\u0443\u0433\u043b\u0430, 48300<\/p>\n<\/div>\n<\/div>\n<div class=\"fs-contact-row\">\n<div class=\"fs-row-icon\">\u23f0<\/div>\n<div>\n<p class=\"fs-row-label\">\u0420\u0430\u0431\u043e\u0447\u0438\u0435 \u0447\u0430\u0441\u044b<\/p>\n<p class=\"fs-row-value\">7 \u0434\u043d\u0435\u0439 \/ 09:00 - 21:00<\/p>\n<\/div>\n<\/div>\n<\/div><\/div><\/div><\/div><\/div><\/div><\/section>","protected":false},"excerpt":{"rendered":"\u0130leti\u015fim &#038; Rezervasyon Yelken, tekne kiralama, etkinlik ve e\u011fitim i\u00e7in diledi\u011finiz kanaldan ula\u015f\u0131n \u2014 en k\u0131sa s\u00fcrede d\u00f6n\u00fc\u015f yapal\u0131m. \u0130leti\u015fim Formu \u0417\u0430\u043f\u043e\u043b\u043d\u0438\u0442\u0435 \u043f\u043e\u043b\u0435 \u041f\u043e\u0436\u0430\u043b\u0443\u0439\u0441\u0442\u0430, \u0432\u0432\u0435\u0434\u0438\u0442\u0435 \u043a\u043e\u0440\u0440\u0435\u043a\u0442\u043d\u044b\u0439 \u0430\u0434\u0440\u0435\u0441 email. \u0417\u0430\u043f\u043e\u043b\u043d\u0438\u0442\u0435 \u043f\u043e\u043b\u0435 \u0417\u0430\u043f\u043e\u043b\u043d\u0438\u0442\u0435 \u043f\u043e\u043b\u0435 \u041e\u0442\u043f\u0440\u0430\u0432\u0438\u0442\u044c Do\u011frudan \u0130leti\u015fim Dilinize en uygun hatt\u0131 se\u00e7in \u2014 hepsinde WhatsApp aktif. \ud83c\uddf9\ud83c\uddf7 T\u00fcrk\u00e7e +90 553 351 70 99 \ud83d\udcac WhatsApp\ud83d\udcde Ara \ud83c\uddf7\ud83c\uddfa...","protected":false},"author":1,"featured_media":0,"parent":0,"menu_order":6,"comment_status":"closed","ping_status":"closed","template":"","meta":{"_acf_changed":false,"footnotes":""},"class_list":["post-35","page","type-page","status-publish","hentry"],"acf":[],"yoast_head":"<!-- This site is optimized with the Yoast SEO plugin v26.4 - https:\/\/yoast.com\/wordpress\/plugins\/seo\/ -->\n<title>\u0130leti\u015fim &amp; Rezervasyon - Fethiye Sailing<\/title>\n<meta name=\"robots\" content=\"index, follow, max-snippet:-1, max-image-preview:large, max-video-preview:-1\" \/>\n<link rel=\"canonical\" href=\"https:\/\/fethiyesailing.com\/ru\/iletisim\/\" \/>\n<meta property=\"og:locale\" content=\"ru_RU\" \/>\n<meta property=\"og:type\" content=\"article\" \/>\n<meta property=\"og:title\" content=\"\u0130leti\u015fim &amp; Rezervasyon - Fethiye Sailing\" \/>\n<meta property=\"og:url\" content=\"https:\/\/fethiyesailing.com\/ru\/iletisim\/\" \/>\n<meta property=\"og:site_name\" content=\"Fethiye Sailing\" \/>\n<meta property=\"article:modified_time\" content=\"2026-04-21T19:02:48+00:00\" \/>\n<meta name=\"twitter:card\" content=\"summary_large_image\" \/>\n<meta name=\"twitter:label1\" content=\"\u041f\u0440\u0438\u043c\u0435\u0440\u043d\u043e\u0435 \u0432\u0440\u0435\u043c\u044f \u0434\u043b\u044f \u0447\u0442\u0435\u043d\u0438\u044f\" \/>\n\t<meta name=\"twitter:data1\" content=\"1 \u043c\u0438\u043d\u0443\u0442\u0430\" \/>\n<script type=\"application\/ld+json\" class=\"yoast-schema-graph\">{\"@context\":\"https:\/\/schema.org\",\"@graph\":[{\"@type\":\"WebPage\",\"@id\":\"https:\/\/fethiyesailing.com\/iletisim\/\",\"url\":\"https:\/\/fethiyesailing.com\/iletisim\/\",\"name\":\"\u0130leti\u015fim & Rezervasyon - Fethiye Sailing\",\"isPartOf\":{\"@id\":\"https:\/\/fethiyesailing.com\/#website\"},\"datePublished\":\"2025-03-23T18:19:13+00:00\",\"dateModified\":\"2026-04-21T19:02:48+00:00\",\"breadcrumb\":{\"@id\":\"https:\/\/fethiyesailing.com\/iletisim\/#breadcrumb\"},\"inLanguage\":\"ru-RU\",\"potentialAction\":[{\"@type\":\"ReadAction\",\"target\":[\"https:\/\/fethiyesailing.com\/iletisim\/\"]}]},{\"@type\":\"BreadcrumbList\",\"@id\":\"https:\/\/fethiyesailing.com\/iletisim\/#breadcrumb\",\"itemListElement\":[{\"@type\":\"ListItem\",\"position\":1,\"name\":\"Anasayfa\",\"item\":\"https:\/\/fethiyesailing.com\/\"},{\"@type\":\"ListItem\",\"position\":2,\"name\":\"\u0130leti\u015fim &#038; Rezervasyon\"}]},{\"@type\":\"WebSite\",\"@id\":\"https:\/\/fethiyesailing.com\/#website\",\"url\":\"https:\/\/fethiyesailing.com\/\",\"name\":\"Fethiye Sailing\",\"description\":\"Yelkenli Tekne ve Katamaran Kiralama, Yelkenli Yat\u00e7\u0131l\u0131k E\u011fitimleri\",\"publisher\":{\"@id\":\"https:\/\/fethiyesailing.com\/#organization\"},\"potentialAction\":[{\"@type\":\"SearchAction\",\"target\":{\"@type\":\"EntryPoint\",\"urlTemplate\":\"https:\/\/fethiyesailing.com\/?s={search_term_string}\"},\"query-input\":{\"@type\":\"PropertyValueSpecification\",\"valueRequired\":true,\"valueName\":\"search_term_string\"}}],\"inLanguage\":\"ru-RU\"},{\"@type\":\"Organization\",\"@id\":\"https:\/\/fethiyesailing.com\/#organization\",\"name\":\"Fethiye Sailing\",\"url\":\"https:\/\/fethiyesailing.com\/\",\"logo\":{\"@type\":\"ImageObject\",\"inLanguage\":\"ru-RU\",\"@id\":\"https:\/\/fethiyesailing.com\/#\/schema\/logo\/image\/\",\"url\":\"https:\/\/fethiyesailing.com\/wp-content\/uploads\/2025\/03\/FethiyeSailingLogo.svg\",\"contentUrl\":\"https:\/\/fethiyesailing.com\/wp-content\/uploads\/2025\/03\/FethiyeSailingLogo.svg\",\"width\":\"1024\",\"height\":\"1024\",\"caption\":\"Fethiye Sailing\"},\"image\":{\"@id\":\"https:\/\/fethiyesailing.com\/#\/schema\/logo\/image\/\"},\"sameAs\":[\"https:\/\/www.instagram.com\/fethiyesailing\/\"]}]}<\/script>\n<!-- \/ Yoast SEO plugin. -->","yoast_head_json":{"title":"\u0130leti\u015fim & Rezervasyon - Fethiye Sailing","robots":{"index":"index","follow":"follow","max-snippet":"max-snippet:-1","max-image-preview":"max-image-preview:large","max-video-preview":"max-video-preview:-1"},"canonical":"https:\/\/fethiyesailing.com\/ru\/iletisim\/","og_locale":"ru_RU","og_type":"article","og_title":"\u0130leti\u015fim & Rezervasyon - Fethiye Sailing","og_url":"https:\/\/fethiyesailing.com\/ru\/iletisim\/","og_site_name":"Fethiye Sailing","article_modified_time":"2026-04-21T19:02:48+00:00","twitter_card":"summary_large_image","twitter_misc":{"\u041f\u0440\u0438\u043c\u0435\u0440\u043d\u043e\u0435 \u0432\u0440\u0435\u043c\u044f \u0434\u043b\u044f \u0447\u0442\u0435\u043d\u0438\u044f":"1 \u043c\u0438\u043d\u0443\u0442\u0430"},"schema":{"@context":"https:\/\/schema.org","@graph":[{"@type":"WebPage","@id":"https:\/\/fethiyesailing.com\/iletisim\/","url":"https:\/\/fethiyesailing.com\/iletisim\/","name":"\u0130leti\u015fim & Rezervasyon - Fethiye Sailing","isPartOf":{"@id":"https:\/\/fethiyesailing.com\/#website"},"datePublished":"2025-03-23T18:19:13+00:00","dateModified":"2026-04-21T19:02:48+00:00","breadcrumb":{"@id":"https:\/\/fethiyesailing.com\/iletisim\/#breadcrumb"},"inLanguage":"ru-RU","potentialAction":[{"@type":"ReadAction","target":["https:\/\/fethiyesailing.com\/iletisim\/"]}]},{"@type":"BreadcrumbList","@id":"https:\/\/fethiyesailing.com\/iletisim\/#breadcrumb","itemListElement":[{"@type":"ListItem","position":1,"name":"Anasayfa","item":"https:\/\/fethiyesailing.com\/"},{"@type":"ListItem","position":2,"name":"\u0130leti\u015fim &#038; Rezervasyon"}]},{"@type":"WebSite","@id":"https:\/\/fethiyesailing.com\/#website","url":"https:\/\/fethiyesailing.com\/","name":"\u041f\u0430\u0440\u0443\u0441\u043d\u044b\u0439 \u0441\u043f\u043e\u0440\u0442 \u0432 \u0424\u0435\u0442\u0445\u0438\u0435","description":"Yelkenli Tekne ve Katamaran Kiralama, Yelkenli Yat\u00e7\u0131l\u0131k E\u011fitimleri","publisher":{"@id":"https:\/\/fethiyesailing.com\/#organization"},"potentialAction":[{"@type":"SearchAction","target":{"@type":"EntryPoint","urlTemplate":"https:\/\/fethiyesailing.com\/?s={search_term_string}"},"query-input":{"@type":"PropertyValueSpecification","valueRequired":true,"valueName":"search_term_string"}}],"inLanguage":"ru-RU"},{"@type":"Organization","@id":"https:\/\/fethiyesailing.com\/#organization","name":"\u041f\u0430\u0440\u0443\u0441\u043d\u044b\u0439 \u0441\u043f\u043e\u0440\u0442 \u0432 \u0424\u0435\u0442\u0445\u0438\u0435","url":"https:\/\/fethiyesailing.com\/","logo":{"@type":"ImageObject","inLanguage":"ru-RU","@id":"https:\/\/fethiyesailing.com\/#\/schema\/logo\/image\/","url":"https:\/\/fethiyesailing.com\/wp-content\/uploads\/2025\/03\/FethiyeSailingLogo.svg","contentUrl":"https:\/\/fethiyesailing.com\/wp-content\/uploads\/2025\/03\/FethiyeSailingLogo.svg","width":"1024","height":"1024","caption":"Fethiye Sailing"},"image":{"@id":"https:\/\/fethiyesailing.com\/#\/schema\/logo\/image\/"},"sameAs":["https:\/\/www.instagram.com\/fethiyesailing\/"]}]}},"_links":{"self":[{"href":"https:\/\/fethiyesailing.com\/ru\/wp-json\/wp\/v2\/pages\/35","targetHints":{"allow":["GET"]}}],"collection":[{"href":"https:\/\/fethiyesailing.com\/ru\/wp-json\/wp\/v2\/pages"}],"about":[{"href":"https:\/\/fethiyesailing.com\/ru\/wp-json\/wp\/v2\/types\/page"}],"author":[{"embeddable":true,"href":"https:\/\/fethiyesailing.com\/ru\/wp-json\/wp\/v2\/users\/1"}],"replies":[{"embeddable":true,"href":"https:\/\/fethiyesailing.com\/ru\/wp-json\/wp\/v2\/comments?post=35"}],"version-history":[{"count":24,"href":"https:\/\/fethiyesailing.com\/ru\/wp-json\/wp\/v2\/pages\/35\/revisions"}],"predecessor-version":[{"id":12991,"href":"https:\/\/fethiyesailing.com\/ru\/wp-json\/wp\/v2\/pages\/35\/revisions\/12991"}],"wp:attachment":[{"href":"https:\/\/fethiyesailing.com\/ru\/wp-json\/wp\/v2\/media?parent=35"}],"curies":[{"name":"wp","href":"https:\/\/api.w.org\/{rel}","templated":true}]}}