{"id":961,"date":"2025-09-17T02:02:39","date_gmt":"2025-09-16T23:02:39","guid":{"rendered":"https:\/\/fethiyesailing.com\/?page_id=961"},"modified":"2025-12-31T16:48:58","modified_gmt":"2025-12-31T13:48:58","slug":"iptal-iade-politikamiz","status":"publish","type":"page","link":"https:\/\/fethiyesailing.com\/ru\/iptal-iade-politikamiz\/","title":{"rendered":"\u0423\u0441\u043b\u043e\u0432\u0438\u044f \u0434\u043e\u0441\u0442\u0430\u0432\u043a\u0438 \u0438 \u0432\u043e\u0437\u0432\u0440\u0430\u0442\u0430"},"content":{"rendered":"<h1 data-start=\"286\" data-end=\"317\"><strong data-start=\"288\" data-end=\"317\">\u0423\u0421\u041b\u041e\u0412\u0418\u042f \u0414\u041e\u0421\u0422\u0410\u0412\u041a\u0418 \u0418 \u0412\u041e\u0417\u0412\u0420\u0410\u0422\u0410<\/strong><\/h1>\n<h2 data-start=\"319\" data-end=\"356\"><strong data-start=\"322\" data-end=\"354\">1. \u0434\u043e\u0441\u0442\u0430\u0432\u043a\u0430 (\u0432\u044b\u043f\u043e\u043b\u043d\u0435\u043d\u0438\u0435 \u0443\u0441\u043b\u0443\u0433)<\/strong><\/h2>\n<ul data-start=\"357\" data-end=\"748\">\n<li data-start=\"357\" data-end=\"476\">\n<p data-start=\"359\" data-end=\"476\">\u0414\u043e\u0441\u0442\u0430\u0432\u043a\u0430 \u043d\u0435 \u044f\u0432\u043b\u044f\u0435\u0442\u0441\u044f \u043e\u0442\u043f\u0440\u0430\u0432\u043a\u043e\u0439 \u0444\u0438\u0437\u0438\u0447\u0435\u0441\u043a\u043e\u0433\u043e \u043f\u0440\u043e\u0434\u0443\u043a\u0442\u0430; <strong data-start=\"404\" data-end=\"452\">\u043d\u0430\u0447\u0430\u043b\u043e \u0430\u0440\u0435\u043d\u0434\u044b \u043b\u043e\u0434\u043a\u0438 \/ \u044d\u043a\u0441\u043a\u0443\u0440\u0441\u0438\u043e\u043d\u043d\u043e\u0433\u043e \u043e\u0431\u0441\u043b\u0443\u0436\u0438\u0432\u0430\u043d\u0438\u044f<\/strong> \u0437\u043d\u0430\u0447\u0438\u0442.<\/p>\n<\/li>\n<li data-start=\"477\" data-end=\"574\">\n<p data-start=\"479\" data-end=\"574\">\u0423\u0441\u043b\u0443\u0433\u0430 \u0431\u0443\u0434\u0435\u0442 \u043e\u043a\u0430\u0437\u0430\u043d\u0430 \u0432 \u0434\u0435\u043d\u044c, \u0443\u043a\u0430\u0437\u0430\u043d\u043d\u044b\u0439 \u043f\u0440\u0438 \u0431\u0440\u043e\u043d\u0438\u0440\u043e\u0432\u0430\u043d\u0438\u0438, \u0438 <strong data-start=\"531\" data-end=\"564\">\u043d\u0430 \u043e\u0431\u043e\u0437\u043d\u0430\u0447\u0435\u043d\u043d\u043e\u0439 \u0441\u0442\u0430\u0440\u0442\u043e\u0432\u043e\u0439 \u043f\u0440\u0438\u0441\u0442\u0430\u043d\u0438<\/strong>\u00a0\u041e\u043d \u043d\u0430\u0447\u0438\u043d\u0430\u0435\u0442\u0441\u044f.<\/p>\n<\/li>\n<li data-start=\"575\" data-end=\"748\">\n<p data-start=\"577\" data-end=\"748\">\u041f\u043e\u0441\u043b\u0435 \u043d\u0430\u0447\u0430\u043b\u0430 \u043e\u0431\u0441\u043b\u0443\u0436\u0438\u0432\u0430\u043d\u0438\u044f, \u0432 \u0441\u043e\u043e\u0442\u0432\u0435\u0442\u0441\u0442\u0432\u0438\u0438 \u0441 \u043f\u0440\u043e\u0433\u0440\u0430\u043c\u043c\u043e\u0439 \u0442\u0443\u0440\u0430, \u043f\u043e\u0433\u043e\u0434\u043d\u044b\u043c\u0438 \u0438 \u043c\u043e\u0440\u0441\u043a\u0438\u043c\u0438 \u0443\u0441\u043b\u043e\u0432\u0438\u044f\u043c\u0438 \u0438 \u0441\u043e\u043e\u0431\u0440\u0430\u0436\u0435\u043d\u0438\u044f\u043c\u0438 \u0431\u0435\u0437\u043e\u043f\u0430\u0441\u043d\u043e\u0441\u0442\u0438 <strong data-start=\"683\" data-end=\"730\">\u0435\u0441\u043b\u0438 \u043a\u0430\u043f\u0438\u0442\u0430\u043d \u0441\u043e\u0447\u0442\u0435\u0442 \u044d\u0442\u043e \u043d\u0435\u043e\u0431\u0445\u043e\u0434\u0438\u043c\u044b\u043c<\/strong> \u043c\u043e\u0436\u0435\u0442 \u0431\u044b\u0442\u044c \u0438\u0437\u043c\u0435\u043d\u0435\u043d.<\/p>\n<\/li>\n<\/ul>\n<hr data-start=\"750\" data-end=\"753\" \/>\n<h2 data-start=\"755\" data-end=\"813\"><strong data-start=\"758\" data-end=\"813\">2. \u0423\u0441\u043b\u043e\u0432\u0438\u044f \u0430\u043d\u043d\u0443\u043b\u0438\u0440\u043e\u0432\u0430\u043d\u0438\u044f \u0438 \u0432\u043e\u0437\u0432\u0440\u0430\u0442\u0430 \u0441\u0440\u0435\u0434\u0441\u0442\u0432 (\u0430\u043d\u043d\u0443\u043b\u0438\u0440\u043e\u0432\u0430\u043d\u0438\u0435 \u043f\u043e \u0438\u043d\u0438\u0446\u0438\u0430\u0442\u0438\u0432\u0435 \u043a\u043b\u0438\u0435\u043d\u0442\u0430)<\/strong><\/h2>\n<p data-start=\"815\" data-end=\"859\">\u0414\u0435\u0439\u0441\u0442\u0432\u0443\u044e\u0442 \u0441\u043b\u0435\u0434\u0443\u044e\u0449\u0438\u0435 \u0443\u0441\u043b\u043e\u0432\u0438\u044f \u043e\u0442\u043c\u0435\u043d\u044b \u0431\u0440\u043e\u043d\u0438\u0440\u043e\u0432\u0430\u043d\u0438\u044f \u0438 \u0432\u043e\u0437\u0432\u0440\u0430\u0442\u0430 \u0434\u0435\u043d\u0435\u0433:<\/p>\n<ul data-start=\"861\" data-end=\"1659\">\n<li data-start=\"861\" data-end=\"984\">\n<p data-start=\"863\" data-end=\"984\"><strong data-start=\"863\" data-end=\"923\">\u041f\u0440\u0438 \u0430\u043d\u043d\u0443\u043b\u044f\u0446\u0438\u0438 \u0437\u0430 120 \u0434\u043d\u0435\u0439 \u0434\u043e \u0434\u0430\u0442\u044b \u0442\u0443\u0440\u0430<\/strong><br data-start=\"923\" data-end=\"926\" \/>\u041f\u043e\u043b\u043d\u0430\u044f \u0441\u0443\u043c\u043c\u0430 \u043e\u043f\u043b\u0430\u0442\u044b <strong data-start=\"950\" data-end=\"983\">\u0432\u043e\u0437\u0432\u0440\u0430\u0449\u0430\u0435\u0442\u0441\u044f \u0431\u0435\u0437 \u043f\u0435\u0440\u0435\u0440\u044b\u0432\u0430<\/strong>.<\/p>\n<\/li>\n<li data-start=\"986\" data-end=\"1118\">\n<p data-start=\"988\" data-end=\"1118\"><strong data-start=\"988\" data-end=\"1047\">\u041f\u0440\u0438 \u0430\u043d\u043d\u0443\u043b\u044f\u0446\u0438\u0438 \u0437\u0430 90 \u0434\u043d\u0435\u0439 \u0434\u043e \u0434\u0430\u0442\u044b \u0442\u0443\u0440\u0430<\/strong><br data-start=\"1047\" data-end=\"1050\" \/>\u041e\u0431\u0449\u0430\u044f \u0441\u0442\u043e\u0438\u043c\u043e\u0441\u0442\u044c \u0442\u0443\u0440\u0430 <strong data-start=\"1073\" data-end=\"1093\">%20\u2019si kesilerek<\/strong> \u043e\u0441\u0442\u0430\u0432\u0448\u0430\u044f\u0441\u044f \u0441\u0443\u043c\u043c\u0430 \u0432\u043e\u0437\u0432\u0440\u0430\u0449\u0430\u0435\u0442\u0441\u044f.<\/p>\n<\/li>\n<li data-start=\"1120\" data-end=\"1247\">\n<p data-start=\"1122\" data-end=\"1247\"><strong data-start=\"1122\" data-end=\"1181\">\u041f\u0440\u0438 \u0430\u043d\u043d\u0443\u043b\u044f\u0446\u0438\u0438 \u0437\u0430 60 \u0434\u043d\u0435\u0439 \u0434\u043e \u0434\u0430\u0442\u044b \u0442\u0443\u0440\u0430<\/strong><br data-start=\"1181\" data-end=\"1184\" \/>\u041e\u0431\u0449\u0430\u044f \u0441\u0442\u043e\u0438\u043c\u043e\u0441\u0442\u044c \u0442\u0443\u0440\u0430 <strong data-start=\"1207\" data-end=\"1226\">%30\u2019u kesilerek<\/strong> \u041f\u0440\u043e\u0446\u0435\u0441\u0441 \u0432\u043e\u0437\u0432\u0440\u0430\u0442\u0430 \u0441\u0440\u0435\u0434\u0441\u0442\u0432 \u0437\u0430\u0432\u0435\u0440\u0448\u0435\u043d.<\/p>\n<\/li>\n<li data-start=\"1249\" data-end=\"1530\">\n<p data-start=\"1251\" data-end=\"1530\"><strong data-start=\"1251\" data-end=\"1298\">\u041f\u0440\u0438 \u0430\u043d\u043d\u0443\u043b\u044f\u0446\u0438\u0438 \u0437\u0430 30 \u0434\u043d\u0435\u0439 \u0434\u043e \u0434\u0430\u0442\u044b \u0442\u0443\u0440\u0430<\/strong><br data-start=\"1298\" data-end=\"1301\" \/>\u041f\u043b\u0430\u0442\u0430 \u0437\u0430 \u0431\u0440\u043e\u043d\u0438\u0440\u043e\u0432\u0430\u043d\u0438\u0435 \u043e\u043f\u043b\u0430\u0447\u0435\u043d\u0430 <strong data-start=\"1329\" data-end=\"1345\">\u043d\u0435\u0432\u043e\u0437\u0432\u0440\u0430\u0442\u043d\u044b\u0439<\/strong>.<br data-start=\"1346\" data-end=\"1349\" \/>\u041e\u0434\u043d\u0430\u043a\u043e \u0433\u043e\u0441\u0442\u044c \u043c\u043e\u0436\u0435\u0442 \u0432\u044b\u0447\u0435\u0441\u0442\u044c \u0441\u0443\u043c\u043c\u0443 \u0431\u0440\u043e\u043d\u0438\u0440\u043e\u0432\u0430\u043d\u0438\u044f <strong data-start=\"1397\" data-end=\"1451\">tur bedelinin %30\u2019u kesilmek suretiyle kalan k\u0131sm\u0131<\/strong>,<br data-start=\"1452\" data-end=\"1455\" \/><strong data-start=\"1457\" data-end=\"1516\">\u0432 \u0441\u043b\u0435\u0434\u0443\u044e\u0449\u0435\u043c \u0441\u0435\u0437\u043e\u043d\u0435 \u043d\u0430 \u0442\u043e\u0439 \u0436\u0435 \u0438\u043b\u0438 \u043d\u0430 \u0434\u0440\u0443\u0433\u043e\u0439 \u043b\u043e\u0434\u043a\u0435<\/strong> \u043c\u043e\u0436\u0435\u0442 \u0438\u0441\u043f\u043e\u043b\u044c\u0437\u043e\u0432\u0430\u0442\u044c \u0435\u0433\u043e.<\/p>\n<\/li>\n<li data-start=\"1532\" data-end=\"1659\">\n<p data-start=\"1534\" data-end=\"1659\"><strong data-start=\"1534\" data-end=\"1581\">\u0410\u043d\u043d\u0443\u043b\u0438\u0440\u043e\u0432\u0430\u043d\u0438\u0435 \u0437\u0430 14 \u0434\u043d\u0435\u0439 \u0434\u043e \u0434\u0430\u0442\u044b \u0442\u0443\u0440\u0430<\/strong><br data-start=\"1581\" data-end=\"1584\" \/>\u0421\u0442\u043e\u0438\u043c\u043e\u0441\u0442\u044c \u0442\u0443\u0440\u0430 <strong data-start=\"1600\" data-end=\"1624\">\u0441\u043e\u0431\u0438\u0440\u0430\u0435\u0442\u0441\u044f \u0432 \u043f\u043e\u043b\u043d\u043e\u043c \u043e\u0431\u044a\u0435\u043c\u0435<\/strong> \u0438 <strong data-start=\"1628\" data-end=\"1658\">\u0432\u043e\u0437\u0432\u0440\u0430\u0442 \u043d\u0435 \u043f\u0440\u043e\u0438\u0437\u0432\u043e\u0434\u0438\u0442\u0441\u044f<\/strong>.<\/p>\n<\/li>\n<\/ul>\n<p data-start=\"1661\" data-end=\"1848\">\u0414\u043b\u044f \u0442\u043e\u0433\u043e \u0447\u0442\u043e\u0431\u044b \u0437\u0430\u043f\u0440\u043e\u0441\u044b \u043d\u0430 \u043e\u0442\u043c\u0435\u043d\u0443 \u0438\u043b\u0438 \u0438\u0437\u043c\u0435\u043d\u0435\u043d\u0438\u0435 \u0431\u044b\u043b\u0438 \u0434\u0435\u0439\u0441\u0442\u0432\u0438\u0442\u0435\u043b\u044c\u043d\u044b <strong data-start=\"1728\" data-end=\"1777\">\u0432 \u043f\u0438\u0441\u044c\u043c\u0435\u043d\u043d\u043e\u043c \u0432\u0438\u0434\u0435 (\u043f\u043e \u044d\u043b\u0435\u043a\u0442\u0440\u043e\u043d\u043d\u043e\u0439 \u043f\u043e\u0447\u0442\u0435 \u0438\u043b\u0438 WhatsApp)<\/strong> \u0434\u043e\u043b\u0436\u043d\u044b \u0431\u044b\u0442\u044c \u0443\u0432\u0435\u0434\u043e\u043c\u043b\u0435\u043d\u044b. \u0423\u0441\u0442\u043d\u044b\u0435 \u0443\u0432\u0435\u0434\u043e\u043c\u043b\u0435\u043d\u0438\u044f \u043e\u0431 \u043e\u0442\u043c\u0435\u043d\u0435 \u043d\u0435 \u0441\u0447\u0438\u0442\u0430\u044e\u0442\u0441\u044f \u0434\u0435\u0439\u0441\u0442\u0432\u0438\u0442\u0435\u043b\u044c\u043d\u044b\u043c\u0438.<\/p>\n<hr data-start=\"1850\" data-end=\"1853\" \/>\n<h2 data-start=\"1855\" data-end=\"1911\"><strong data-start=\"1858\" data-end=\"1911\">3. \u041e\u0442\u043c\u0435\u043d\u0430 \u043f\u043e \u0432\u0438\u043d\u0435 \u043a\u043e\u043c\u043f\u0430\u043d\u0438\u0438 - \u0444\u043e\u0440\u0441-\u043c\u0430\u0436\u043e\u0440\u043d\u044b\u0435 \u043e\u0431\u0441\u0442\u043e\u044f\u0442\u0435\u043b\u044c\u0441\u0442\u0432\u0430<\/strong><\/h2>\n<p data-start=\"1913\" data-end=\"1992\">\u0412 \u0441\u043b\u0435\u0434\u0443\u044e\u0449\u0438\u0445 \u0441\u043b\u0443\u0447\u0430\u044f\u0445 \u0442\u0443\u0440 \u043c\u043e\u0436\u0435\u0442 \u0431\u044b\u0442\u044c \u043e\u0442\u043c\u0435\u043d\u0435\u043d \u0438\u043b\u0438 \u043f\u0435\u0440\u0435\u043d\u0435\u0441\u0435\u043d \u043a\u043e\u043c\u043f\u0430\u043d\u0438\u0435\u0439:<\/p>\n<ul data-start=\"1994\" data-end=\"2157\">\n<li data-start=\"1994\" data-end=\"2032\">\n<p data-start=\"1996\" data-end=\"2032\">\u041d\u0435\u0431\u043b\u0430\u0433\u043e\u043f\u0440\u0438\u044f\u0442\u043d\u044b\u0435 \u043f\u043e\u0433\u043e\u0434\u043d\u044b\u0435 \u0438 \u043c\u043e\u0440\u0441\u043a\u0438\u0435 \u0443\u0441\u043b\u043e\u0432\u0438\u044f<\/p>\n<\/li>\n<li data-start=\"2033\" data-end=\"2049\">\n<p data-start=\"2035\" data-end=\"2049\">\u0422\u0435\u0445\u043d\u0438\u0447\u0435\u0441\u043a\u0438\u0439 \u0441\u0431\u043e\u0439<\/p>\n<\/li>\n<li data-start=\"2050\" data-end=\"2090\">\n<p data-start=\"2052\" data-end=\"2090\">\u041e\u0431\u044f\u0437\u0430\u0442\u0435\u043b\u044c\u043d\u044b\u0435 \u0443\u0441\u043b\u043e\u0432\u0438\u044f, \u0432\u043b\u0438\u044f\u044e\u0449\u0438\u0435 \u043d\u0430 \u0431\u0435\u0437\u043e\u043f\u0430\u0441\u043d\u043e\u0441\u0442\u044c<\/p>\n<\/li>\n<li data-start=\"2091\" data-end=\"2157\">\n<p data-start=\"2093\" data-end=\"2157\">\u0424\u043e\u0440\u0441-\u043c\u0430\u0436\u043e\u0440\u043d\u044b\u0435 \u043e\u0431\u0441\u0442\u043e\u044f\u0442\u0435\u043b\u044c\u0441\u0442\u0432\u0430 (\u0441\u0442\u0438\u0445\u0438\u0439\u043d\u044b\u0435 \u0431\u0435\u0434\u0441\u0442\u0432\u0438\u044f, \u0430\u0434\u043c\u0438\u043d\u0438\u0441\u0442\u0440\u0430\u0442\u0438\u0432\u043d\u044b\u0435 \u0437\u0430\u043f\u0440\u0435\u0442\u044b, \u043e\u0433\u0440\u0430\u043d\u0438\u0447\u0435\u043d\u0438\u044f \u043d\u0430 \u043f\u043e\u0435\u0437\u0434\u043a\u0438 \u0438 \u0442.\u0434.)<\/p>\n<\/li>\n<\/ul>\n<p data-start=\"2159\" data-end=\"2182\">\u0412 \u044d\u0442\u0438\u0445 \u0441\u043b\u0443\u0447\u0430\u044f\u0445 \u0433\u043e\u0441\u0442\u044e;<\/p>\n<ul data-start=\"2184\" data-end=\"2269\">\n<li data-start=\"2184\" data-end=\"2222\">\n<p data-start=\"2186\" data-end=\"2222\"><strong data-start=\"2186\" data-end=\"2215\">\u0430\u043b\u044c\u0442\u0435\u0440\u043d\u0430\u0442\u0438\u0432\u043d\u044b\u0439 \u0432\u0430\u0440\u0438\u0430\u043d\u0442 \u0434\u0430\u0442\u044b<\/strong> \u0438\u043b\u0438<\/p>\n<\/li>\n<li data-start=\"2223\" data-end=\"2269\">\n<p data-start=\"2225\" data-end=\"2269\"><strong data-start=\"2225\" data-end=\"2269\">\u043f\u043e\u043b\u043d\u044b\u0439 \u0432\u043e\u0437\u0432\u0440\u0430\u0442 \u043e\u043f\u043b\u0430\u0442\u044b \u043f\u043e \u0437\u0430\u043f\u0440\u043e\u0441\u0443<\/strong><\/p>\n<\/li>\n<\/ul>\n<p data-start=\"2271\" data-end=\"2359\">\u043f\u0440\u0435\u0434\u0441\u0442\u0430\u0432\u043b\u0435\u043d\u0430. \u0414\u043e\u043f\u043e\u043b\u043d\u0438\u0442\u0435\u043b\u044c\u043d\u0430\u044f \u043a\u043e\u043c\u043f\u0435\u043d\u0441\u0430\u0446\u0438\u044f \u0438\u043b\u0438 \u043f\u0440\u0435\u0442\u0435\u043d\u0437\u0438\u0438 \u043d\u0435 \u043c\u043e\u0433\u0443\u0442 \u0431\u044b\u0442\u044c \u043f\u0440\u0435\u0434\u044a\u044f\u0432\u043b\u0435\u043d\u044b \u0432 \u0441\u043b\u0443\u0447\u0430\u0435 \u043e\u0442\u043c\u0435\u043d\u044b \u0431\u0440\u043e\u043d\u0438\u0440\u043e\u0432\u0430\u043d\u0438\u044f \u043f\u043e \u043f\u0440\u0438\u0447\u0438\u043d\u0435 \u0444\u043e\u0440\u0441-\u043c\u0430\u0436\u043e\u0440\u043d\u044b\u0445 \u043e\u0431\u0441\u0442\u043e\u044f\u0442\u0435\u043b\u044c\u0441\u0442\u0432.<\/p>\n<hr data-start=\"2361\" data-end=\"2364\" \/>\n<h2 data-start=\"2366\" data-end=\"2387\"><strong data-start=\"2369\" data-end=\"2387\">4. \u043f\u0440\u043e\u0446\u0435\u0441\u0441 \u0432\u043e\u0437\u0432\u0440\u0430\u0442\u0430<\/strong><\/h2>\n<ul data-start=\"2389\" data-end=\"2581\">\n<li data-start=\"2389\" data-end=\"2513\">\n<p data-start=\"2391\" data-end=\"2513\">\u041e\u043f\u0435\u0440\u0430\u0446\u0438\u0438 \u043f\u043e \u0432\u043e\u0437\u0432\u0440\u0430\u0442\u0443 \u0441\u0440\u0435\u0434\u0441\u0442\u0432 \u043e\u0441\u0443\u0449\u0435\u0441\u0442\u0432\u043b\u044f\u044e\u0442\u0441\u044f \u0447\u0435\u0440\u0435\u0437 \u0441\u043f\u043e\u0441\u043e\u0431 \u043e\u043f\u043b\u0430\u0442\u044b \u0438 <strong data-start=\"2446\" data-end=\"2493\">\u0412 \u0440\u0430\u043c\u043a\u0430\u0445 \u043f\u0440\u0430\u0432\u0438\u043b \u043f\u043b\u0430\u0442\u0435\u0436\u043d\u043e\u0439 \u0441\u0438\u0441\u0442\u0435\u043c\u044b iyzico<\/strong> \u0440\u0435\u0430\u043b\u0438\u0437\u0443\u0435\u0442\u0441\u044f.<\/p>\n<\/li>\n<li data-start=\"2514\" data-end=\"2581\">\n<p data-start=\"2516\" data-end=\"2581\">\u0421\u0440\u043e\u043a\u0438 \u043e\u0431\u0440\u0430\u0431\u043e\u0442\u043a\u0438 \u0437\u0430\u044f\u0432\u043e\u043a \u0431\u0430\u043d\u043a\u0430\u043c\u0438 \u0438 \u043f\u043b\u0430\u0442\u0435\u0436\u043d\u044b\u043c\u0438 \u0441\u0438\u0441\u0442\u0435\u043c\u0430\u043c\u0438 \u043c\u043e\u0433\u0443\u0442 \u043e\u0442\u043b\u0438\u0447\u0430\u0442\u044c\u0441\u044f.<\/p>\n<\/li>\n<\/ul>\n<hr data-start=\"2583\" data-end=\"2586\" \/>\n<h2 data-start=\"2588\" data-end=\"2627\"><strong data-start=\"2591\" data-end=\"2625\">5. \u043d\u0435\u044f\u0432\u043a\u0430<\/strong><\/h2>\n<p data-start=\"2628\" data-end=\"2712\">\u0412 \u0441\u043b\u0443\u0447\u0430\u0435 \u043d\u0435\u044f\u0432\u043a\u0438 \u043d\u0430 \u044d\u043a\u0441\u043a\u0443\u0440\u0441\u0438\u044e \u0432 \u0437\u0430\u0431\u0440\u043e\u043d\u0438\u0440\u043e\u0432\u0430\u043d\u043d\u0443\u044e \u0434\u0430\u0442\u0443 <strong data-start=\"2681\" data-end=\"2711\">\u0432\u043e\u0437\u0432\u0440\u0430\u0442 \u043d\u0435 \u043f\u0440\u043e\u0438\u0437\u0432\u043e\u0434\u0438\u0442\u0441\u044f<\/strong>.<\/p>","protected":false},"excerpt":{"rendered":"<p>TESL\u0130MAT VE \u0130ADE \u015eARTLARI 1. Teslimat (Hizmetin \u0130fas\u0131) Teslimat, fiziksel bir \u00fcr\u00fcn g\u00f6nderimi de\u011fil; tekne kiralama \/ tur hizmetinin ba\u015flat\u0131lmas\u0131 anlam\u0131na gelmektedir. Hizmet, rezervasyon s\u0131ras\u0131nda belirtilen tarihte ve belirlenen ba\u015flang\u0131\u00e7 marinas\u0131nda\u00a0ba\u015flar. Hizmetin ba\u015flamas\u0131ndan sonra tur program\u0131, hava ve deniz ko\u015fullar\u0131 ile g\u00fcvenlik gerek\u00e7eleri do\u011frultusunda kaptan taraf\u0131ndan gerekli g\u00f6r\u00fclmesi halinde de\u011fi\u015ftirilebilir. 2. \u0130ptal ve \u0130ade Ko\u015fullar\u0131&#8230;<\/p>","protected":false},"author":1,"featured_media":0,"parent":0,"menu_order":9,"comment_status":"closed","ping_status":"closed","template":"","meta":{"_acf_changed":false,"footnotes":""},"class_list":["post-961","page","type-page","status-publish","hentry"],"acf":[],"yoast_head":"<!-- This site is optimized with the Yoast SEO plugin v26.4 - https:\/\/yoast.com\/wordpress\/plugins\/seo\/ -->\n<title>Teslimat ve \u0130ade \u015eartlar\u0131 - Fethiye Sailing<\/title>\n<meta name=\"robots\" content=\"index, follow, max-snippet:-1, max-image-preview:large, max-video-preview:-1\" \/>\n<link rel=\"canonical\" href=\"https:\/\/fethiyesailing.com\/ru\/iptal-iade-politikamiz\/\" \/>\n<meta property=\"og:locale\" content=\"ru_RU\" \/>\n<meta property=\"og:type\" content=\"article\" \/>\n<meta property=\"og:title\" content=\"Teslimat ve \u0130ade \u015eartlar\u0131 - Fethiye Sailing\" \/>\n<meta property=\"og:description\" content=\"TESL\u0130MAT VE \u0130ADE \u015eARTLARI 1. Teslimat (Hizmetin \u0130fas\u0131) Teslimat, fiziksel bir \u00fcr\u00fcn g\u00f6nderimi de\u011fil; tekne kiralama \/ tur hizmetinin ba\u015flat\u0131lmas\u0131 anlam\u0131na gelmektedir. Hizmet, rezervasyon s\u0131ras\u0131nda belirtilen tarihte ve belirlenen ba\u015flang\u0131\u00e7 marinas\u0131nda\u00a0ba\u015flar. Hizmetin ba\u015flamas\u0131ndan sonra tur program\u0131, hava ve deniz ko\u015fullar\u0131 ile g\u00fcvenlik gerek\u00e7eleri do\u011frultusunda kaptan taraf\u0131ndan gerekli g\u00f6r\u00fclmesi halinde de\u011fi\u015ftirilebilir. 2. \u0130ptal ve \u0130ade Ko\u015fullar\u0131...\" \/>\n<meta property=\"og:url\" content=\"https:\/\/fethiyesailing.com\/ru\/iptal-iade-politikamiz\/\" \/>\n<meta property=\"og:site_name\" content=\"Fethiye Sailing\" \/>\n<meta property=\"article:modified_time\" content=\"2025-12-31T13:48:58+00:00\" \/>\n<meta name=\"twitter:card\" content=\"summary_large_image\" \/>\n<meta name=\"twitter:label1\" content=\"\u041f\u0440\u0438\u043c\u0435\u0440\u043d\u043e\u0435 \u0432\u0440\u0435\u043c\u044f \u0434\u043b\u044f \u0447\u0442\u0435\u043d\u0438\u044f\" \/>\n\t<meta name=\"twitter:data1\" content=\"2 \u043c\u0438\u043d\u0443\u0442\u044b\" \/>\n<script type=\"application\/ld+json\" class=\"yoast-schema-graph\">{\"@context\":\"https:\/\/schema.org\",\"@graph\":[{\"@type\":\"WebPage\",\"@id\":\"https:\/\/fethiyesailing.com\/iptal-iade-politikamiz\/\",\"url\":\"https:\/\/fethiyesailing.com\/iptal-iade-politikamiz\/\",\"name\":\"Teslimat ve \u0130ade \u015eartlar\u0131 - Fethiye Sailing\",\"isPartOf\":{\"@id\":\"https:\/\/fethiyesailing.com\/#website\"},\"datePublished\":\"2025-09-16T23:02:39+00:00\",\"dateModified\":\"2025-12-31T13:48:58+00:00\",\"breadcrumb\":{\"@id\":\"https:\/\/fethiyesailing.com\/iptal-iade-politikamiz\/#breadcrumb\"},\"inLanguage\":\"ru-RU\",\"potentialAction\":[{\"@type\":\"ReadAction\",\"target\":[\"https:\/\/fethiyesailing.com\/iptal-iade-politikamiz\/\"]}]},{\"@type\":\"BreadcrumbList\",\"@id\":\"https:\/\/fethiyesailing.com\/iptal-iade-politikamiz\/#breadcrumb\",\"itemListElement\":[{\"@type\":\"ListItem\",\"position\":1,\"name\":\"Anasayfa\",\"item\":\"https:\/\/fethiyesailing.com\/\"},{\"@type\":\"ListItem\",\"position\":2,\"name\":\"Teslimat ve \u0130ade \u015eartlar\u0131\"}]},{\"@type\":\"WebSite\",\"@id\":\"https:\/\/fethiyesailing.com\/#website\",\"url\":\"https:\/\/fethiyesailing.com\/\",\"name\":\"Fethiye Sailing\",\"description\":\"Yelkenli Tekne ve Katamaran Kiralama, Yelkenli Yat\u00e7\u0131l\u0131k E\u011fitimleri\",\"publisher\":{\"@id\":\"https:\/\/fethiyesailing.com\/#organization\"},\"potentialAction\":[{\"@type\":\"SearchAction\",\"target\":{\"@type\":\"EntryPoint\",\"urlTemplate\":\"https:\/\/fethiyesailing.com\/?s={search_term_string}\"},\"query-input\":{\"@type\":\"PropertyValueSpecification\",\"valueRequired\":true,\"valueName\":\"search_term_string\"}}],\"inLanguage\":\"ru-RU\"},{\"@type\":\"Organization\",\"@id\":\"https:\/\/fethiyesailing.com\/#organization\",\"name\":\"Fethiye Sailing\",\"url\":\"https:\/\/fethiyesailing.com\/\",\"logo\":{\"@type\":\"ImageObject\",\"inLanguage\":\"ru-RU\",\"@id\":\"https:\/\/fethiyesailing.com\/#\/schema\/logo\/image\/\",\"url\":\"https:\/\/fethiyesailing.com\/wp-content\/uploads\/2025\/03\/FethiyeSailingLogo.svg\",\"contentUrl\":\"https:\/\/fethiyesailing.com\/wp-content\/uploads\/2025\/03\/FethiyeSailingLogo.svg\",\"width\":\"1024\",\"height\":\"1024\",\"caption\":\"Fethiye Sailing\"},\"image\":{\"@id\":\"https:\/\/fethiyesailing.com\/#\/schema\/logo\/image\/\"},\"sameAs\":[\"https:\/\/www.instagram.com\/fethiyesailing\/\"]}]}<\/script>\n<!-- \/ Yoast SEO plugin. -->","yoast_head_json":{"title":"Teslimat ve \u0130ade \u015eartlar\u0131 - Fethiye Sailing","robots":{"index":"index","follow":"follow","max-snippet":"max-snippet:-1","max-image-preview":"max-image-preview:large","max-video-preview":"max-video-preview:-1"},"canonical":"https:\/\/fethiyesailing.com\/ru\/iptal-iade-politikamiz\/","og_locale":"ru_RU","og_type":"article","og_title":"Teslimat ve \u0130ade \u015eartlar\u0131 - Fethiye Sailing","og_description":"TESL\u0130MAT VE \u0130ADE \u015eARTLARI 1. Teslimat (Hizmetin \u0130fas\u0131) Teslimat, fiziksel bir \u00fcr\u00fcn g\u00f6nderimi de\u011fil; tekne kiralama \/ tur hizmetinin ba\u015flat\u0131lmas\u0131 anlam\u0131na gelmektedir. Hizmet, rezervasyon s\u0131ras\u0131nda belirtilen tarihte ve belirlenen ba\u015flang\u0131\u00e7 marinas\u0131nda\u00a0ba\u015flar. Hizmetin ba\u015flamas\u0131ndan sonra tur program\u0131, hava ve deniz ko\u015fullar\u0131 ile g\u00fcvenlik gerek\u00e7eleri do\u011frultusunda kaptan taraf\u0131ndan gerekli g\u00f6r\u00fclmesi halinde de\u011fi\u015ftirilebilir. 2. \u0130ptal ve \u0130ade Ko\u015fullar\u0131...","og_url":"https:\/\/fethiyesailing.com\/ru\/iptal-iade-politikamiz\/","og_site_name":"Fethiye Sailing","article_modified_time":"2025-12-31T13:48:58+00:00","twitter_card":"summary_large_image","twitter_misc":{"\u041f\u0440\u0438\u043c\u0435\u0440\u043d\u043e\u0435 \u0432\u0440\u0435\u043c\u044f \u0434\u043b\u044f \u0447\u0442\u0435\u043d\u0438\u044f":"2 \u043c\u0438\u043d\u0443\u0442\u044b"},"schema":{"@context":"https:\/\/schema.org","@graph":[{"@type":"WebPage","@id":"https:\/\/fethiyesailing.com\/iptal-iade-politikamiz\/","url":"https:\/\/fethiyesailing.com\/iptal-iade-politikamiz\/","name":"Teslimat ve \u0130ade \u015eartlar\u0131 - Fethiye Sailing","isPartOf":{"@id":"https:\/\/fethiyesailing.com\/#website"},"datePublished":"2025-09-16T23:02:39+00:00","dateModified":"2025-12-31T13:48:58+00:00","breadcrumb":{"@id":"https:\/\/fethiyesailing.com\/iptal-iade-politikamiz\/#breadcrumb"},"inLanguage":"ru-RU","potentialAction":[{"@type":"ReadAction","target":["https:\/\/fethiyesailing.com\/iptal-iade-politikamiz\/"]}]},{"@type":"BreadcrumbList","@id":"https:\/\/fethiyesailing.com\/iptal-iade-politikamiz\/#breadcrumb","itemListElement":[{"@type":"ListItem","position":1,"name":"Anasayfa","item":"https:\/\/fethiyesailing.com\/"},{"@type":"ListItem","position":2,"name":"Teslimat ve \u0130ade \u015eartlar\u0131"}]},{"@type":"WebSite","@id":"https:\/\/fethiyesailing.com\/#website","url":"https:\/\/fethiyesailing.com\/","name":"\u041f\u0430\u0440\u0443\u0441\u043d\u044b\u0439 \u0441\u043f\u043e\u0440\u0442 \u0432 \u0424\u0435\u0442\u0445\u0438\u0435","description":"Yelkenli Tekne ve Katamaran Kiralama, Yelkenli Yat\u00e7\u0131l\u0131k E\u011fitimleri","publisher":{"@id":"https:\/\/fethiyesailing.com\/#organization"},"potentialAction":[{"@type":"SearchAction","target":{"@type":"EntryPoint","urlTemplate":"https:\/\/fethiyesailing.com\/?s={search_term_string}"},"query-input":{"@type":"PropertyValueSpecification","valueRequired":true,"valueName":"search_term_string"}}],"inLanguage":"ru-RU"},{"@type":"Organization","@id":"https:\/\/fethiyesailing.com\/#organization","name":"\u041f\u0430\u0440\u0443\u0441\u043d\u044b\u0439 \u0441\u043f\u043e\u0440\u0442 \u0432 \u0424\u0435\u0442\u0445\u0438\u0435","url":"https:\/\/fethiyesailing.com\/","logo":{"@type":"ImageObject","inLanguage":"ru-RU","@id":"https:\/\/fethiyesailing.com\/#\/schema\/logo\/image\/","url":"https:\/\/fethiyesailing.com\/wp-content\/uploads\/2025\/03\/FethiyeSailingLogo.svg","contentUrl":"https:\/\/fethiyesailing.com\/wp-content\/uploads\/2025\/03\/FethiyeSailingLogo.svg","width":"1024","height":"1024","caption":"Fethiye Sailing"},"image":{"@id":"https:\/\/fethiyesailing.com\/#\/schema\/logo\/image\/"},"sameAs":["https:\/\/www.instagram.com\/fethiyesailing\/"]}]}},"_links":{"self":[{"href":"https:\/\/fethiyesailing.com\/ru\/wp-json\/wp\/v2\/pages\/961","targetHints":{"allow":["GET"]}}],"collection":[{"href":"https:\/\/fethiyesailing.com\/ru\/wp-json\/wp\/v2\/pages"}],"about":[{"href":"https:\/\/fethiyesailing.com\/ru\/wp-json\/wp\/v2\/types\/page"}],"author":[{"embeddable":true,"href":"https:\/\/fethiyesailing.com\/ru\/wp-json\/wp\/v2\/users\/1"}],"replies":[{"embeddable":true,"href":"https:\/\/fethiyesailing.com\/ru\/wp-json\/wp\/v2\/comments?post=961"}],"version-history":[{"count":2,"href":"https:\/\/fethiyesailing.com\/ru\/wp-json\/wp\/v2\/pages\/961\/revisions"}],"predecessor-version":[{"id":12883,"href":"https:\/\/fethiyesailing.com\/ru\/wp-json\/wp\/v2\/pages\/961\/revisions\/12883"}],"wp:attachment":[{"href":"https:\/\/fethiyesailing.com\/ru\/wp-json\/wp\/v2\/media?parent=961"}],"curies":[{"name":"wp","href":"https:\/\/api.w.org\/{rel}","templated":true}]}}